{"id":1009,"date":"2025-04-29T19:36:09","date_gmt":"2025-04-29T19:36:09","guid":{"rendered":"http:\/\/coopbysisters.com\/about\/"},"modified":"2025-05-10T17:30:02","modified_gmt":"2025-05-10T17:30:02","slug":"about","status":"publish","type":"page","link":"https:\/\/coopbysisters.com\/ar\/about\/","title":{"rendered":"D\u00e9couvrez l&rsquo;histoire de notre coop\u00e9rative f\u00e9minine | Coop by Sisters"},"content":{"rendered":"<div class=\"wp-block-uagb-container uagb-block-75e8747a alignfull uagb-is-root-container\"><div class=\"uagb-container-inner-blocks-wrap\">\n<div data-aos= \"fade-right\" data-aos-duration=\"400\" data-aos-delay=\"0\" data-aos-easing=\"ease\" data-aos-once=\"true\" class=\"wp-block-uagb-advanced-heading uagb-block-9b9be170\"><h1 class=\"uagb-heading-text\"><strong>Les femmes de Coop by Sisters<\/strong><\/h1><\/div>\n\n\n\n<div class=\"wp-block-uagb-container uagb-block-6702ae20 alignfull uagb-is-root-container\"><div class=\"uagb-container-inner-blocks-wrap\">\n<div class=\"wp-block-uagb-container uagb-block-c09b5596\">\n<p><strong><mark style=\"background-color:rgba(0, 0, 0, 0)\" class=\"has-inline-color has-ast-global-color-1-color\">Une famille d\u2019artisanes, de m\u00e8re en filles<\/mark><\/strong><\/p>\n\n\n\n<div class=\"wp-block-uagb-image uagb-block-bb503963 wp-block-uagb-image--layout-default wp-block-uagb-image--effect-static wp-block-uagb-image--align-none\"><figure class=\"wp-block-uagb-image__figure\"><img decoding=\"async\" srcset=\"https:\/\/coopbysisters.com\/wp-content\/uploads\/2025\/05\/ChatGPT-Image-10-mai-2025-17_39_59.png ,https:\/\/coopbysisters.com\/wp-content\/uploads\/2025\/05\/ChatGPT-Image-10-mai-2025-17_39_59.png 780w, https:\/\/coopbysisters.com\/wp-content\/uploads\/2025\/05\/ChatGPT-Image-10-mai-2025-17_39_59.png 360w\" sizes=\"auto, (max-width: 480px) 150px\" src=\"https:\/\/coopbysisters.com\/wp-content\/uploads\/2025\/05\/ChatGPT-Image-10-mai-2025-17_39_59.png\" alt=\"\" class=\"uag-image-3252\" width=\"551\" height=\"734\" title=\"image belatoui about\" loading=\"lazy\" role=\"img\"\/><\/figure><\/div>\n<\/div>\n\n\n\n<div class=\"wp-block-uagb-container uagb-block-64b599c0\">\n<div data-aos= \"fade-right\" data-aos-duration=\"400\" data-aos-delay=\"0\" data-aos-easing=\"ease\" data-aos-once=\"true\" class=\"wp-block-uagb-advanced-heading uagb-block-e4a5a311\"><div class=\"uagb-heading-text\">Chez Coop by Sisters, chaque pi\u00e8ce raconte une histoire vraie. Celle d\u2019une <strong>famille d\u2019artisanes marocaines<\/strong> unie par une passion commune : faire vivre l\u2019art du fait main \u2014 <strong>sans interm\u00e9diaire<\/strong>, avec respect, sinc\u00e9rit\u00e9 et fiert\u00e9.<\/div><\/div>\n\n\n\n<div data-aos= \"fade-right\" data-aos-duration=\"400\" data-aos-delay=\"0\" data-aos-easing=\"ease\" data-aos-once=\"true\" class=\"wp-block-uagb-advanced-heading uagb-block-f4a55cc4\"><p class=\"uagb-heading-text\">Tout commence avec Madame Belataoui, artisan-brodeuse depuis toujours.<br>Autour d\u2019elle, ses trois filles forment aujourd\u2019hui le c\u0153ur battant de la coop\u00e9rative :<br>&#8211; La premi\u00e8re, ancienne comptable, a quitt\u00e9 les chiffres pour suivre ce qui l\u2019anime vraiment : la broderie. Elle brode aujourd\u2019hui \u00e0 la main, avec une pr\u00e9cision h\u00e9rit\u00e9e de sa m\u00e8re et nourrie de sa propre rigueur.<br>&#8211; La deuxi\u00e8me, mod\u00e9liste de formation, transforme chaque id\u00e9e en coupe \u00e9l\u00e9gante et bien pens\u00e9e.<br>-La troisi\u00e8me, enseignante de broderie \u00e0 Marrakech, transmet leur savoir-faire aux jeunes femmes d\u2019aujourd\u2019hui.<br>Ensemble, elles ont d\u00e9cid\u00e9 de <strong>cr\u00e9er une structure familiale et solidaire<\/strong>, \u00e0 taille humaine, qui valorise le travail de leurs mains et celui de leurs partenaires artisanes.<\/p><\/div>\n<\/div>\n<\/div><\/div>\n\n\n\n<div class=\"wp-block-uagb-advanced-heading uagb-block-70615789\"><h6 class=\"uagb-heading-text\">Nos valeurs &amp; promesses<\/h6><div class=\"uagb-separator\"><\/div><\/div>\n\n\n\n<div class=\"wp-block-uagb-container uagb-layout-grid uagb-block-1bc46db7 alignfull uagb-is-root-container\"><div class=\"uagb-container-inner-blocks-wrap\">\n<div class=\"wp-block-uagb-icon-list uagb-block-467c8035\"><div class=\"uagb-icon-list__wrap\">\n<div data-aos= \"fade-up\" data-aos-duration=\"400\" data-aos-delay=\"0\" data-aos-easing=\"ease\" data-aos-once=\"true\" class=\"wp-block-uagb-icon-list-child uagb-block-bda636c7\"><span class=\"uagb-icon-list__source-wrap\"><img decoding=\"async\" class=\"uagb-icon-list__source-image\" src=\"https:\/\/coopbysisters.com\/wp-content\/uploads\/2025\/05\/morocco.png\" width=\"16\" height=\"16\" loading=\"lazy\" alt=\"\"\/><\/span><span class=\"uagb-icon-list__label\">L&rsquo;<strong>artisanat marocain<\/strong> dans toute sa richesse<\/span><\/div>\n\n\n\n<div data-aos= \"fade-up\" data-aos-duration=\"400\" data-aos-delay=\"0\" data-aos-easing=\"ease\" data-aos-once=\"true\" class=\"wp-block-uagb-icon-list-child uagb-block-cd662f6d\"><span class=\"uagb-icon-list__source-wrap\"><img decoding=\"async\" class=\"uagb-icon-list__source-image\" src=\"https:\/\/coopbysisters.com\/wp-content\/uploads\/2025\/05\/girl-power.png\" width=\"16\" height=\"16\" loading=\"lazy\" alt=\"\"\/><\/span><span class=\"uagb-icon-list__label\">L<strong>&lsquo;ind\u00e9pendance <\/strong>\u00e9conomique<strong> <\/strong>des <strong>femmes<\/strong><\/span><\/div>\n\n\n\n<div data-aos= \"fade-up\" data-aos-duration=\"400\" data-aos-delay=\"0\" data-aos-easing=\"ease\" data-aos-once=\"true\" class=\"wp-block-uagb-icon-list-child uagb-block-8d731587\"><span class=\"uagb-icon-list__source-wrap\"><img decoding=\"async\" class=\"uagb-icon-list__source-image\" src=\"https:\/\/coopbysisters.com\/wp-content\/uploads\/2025\/05\/justice.png\" width=\"16\" height=\"16\" loading=\"lazy\" alt=\"\"\/><\/span><span class=\"uagb-icon-list__label\">Une <strong>mode \u00e9thique, humaine et sinc\u00e8re<\/strong><\/span><\/div>\n<\/div><\/div>\n<\/div><\/div>\n<\/div><\/div>\n\n\n\n<div class=\"wp-block-uagb-container uagb-layout-grid uagb-block-47723009 alignfull uagb-is-root-container\"><div class=\"uagb-container-inner-blocks-wrap\">\n<div class=\"wp-block-uagb-info-box uagb-block-e95dc65d uagb-infobox__content-wrap  uagb-infobox-icon-above-title uagb-infobox-image-valign-top\"><div class=\"uagb-ifb-content\"><div class=\"uagb-ifb-icon-wrap\"><svg xmlns=\"https:\/\/www.w3.org\/2000\/svg\" viewbox=\"0 0 640 512\"><path d=\"M192 160C192 177.7 177.7 192 160 192C142.3 192 128 177.7 128 160V128C128 74.98 170.1 32 224 32C277 32 320 74.98 320 128V135.8C320 156.6 318.8 177.4 316.4 198.1L438.8 161.3C450.2 157.9 462.6 161.1 470.1 169.7C479.3 178.3 482.1 190.8 478.4 202.1L460.4 255.1H544C561.7 255.1 576 270.3 576 287.1C576 305.7 561.7 319.1 544 319.1H416C405.7 319.1 396.1 315.1 390 306.7C384 298.4 382.4 287.6 385.6 277.9L398.1 240.4L303.7 268.7C291.9 321.5 272.2 372.2 245.3 419.2L231.4 443.5C218.5 466.1 194.5 480 168.5 480C128.5 480 95.1 447.5 95.1 407.5V335.6C95.1 293.2 123.8 255.8 164.4 243.7L248.8 218.3C253.6 191.1 255.1 163.5 255.1 135.8V128C255.1 110.3 241.7 96 223.1 96C206.3 96 191.1 110.3 191.1 128L192 160zM160 335.6V407.5C160 412.2 163.8 416 168.5 416C171.5 416 174.4 414.4 175.9 411.7L189.8 387.4C207.3 356.6 221.4 324.1 231.8 290.3L182.8 304.1C169.3 309 160 321.5 160 335.6V335.6zM24 368H64V407.5C64 410.4 64.11 413.2 64.34 416H24C10.75 416 0 405.3 0 392C0 378.7 10.75 368 24 368zM616 416H283.5C291.7 400.3 299.2 384.3 305.9 368H616C629.3 368 640 378.7 640 392C640 405.3 629.3 416 616 416z\"><\/path><\/svg><\/div><div class=\"uagb-ifb-title-wrap\"><h6 class=\"uagb-ifb-title\"><strong>Pi\u00e8ce unique<\/strong><\/h6><\/div><p class=\"uagb-ifb-desc\">Chaque mod\u00e8le est cousu et brod\u00e9 artisanalement.<\/p><\/div><\/div>\n\n\n\n<div class=\"wp-block-uagb-info-box uagb-block-2dbba7ab uagb-infobox__content-wrap  uagb-infobox-icon-above-title uagb-infobox-image-valign-top\"><div class=\"uagb-ifb-content\"><div class=\"uagb-ifb-icon-wrap\"><svg xmlns=\"https:\/\/www.w3.org\/2000\/svg\" viewbox=\"0 0 640 512\"><path d=\"M488 191.1h-152l.0001 51.86c.0001 37.66-27.08 72-64.55 75.77c-43.09 4.333-79.45-29.42-79.45-71.63V126.4l-24.51 14.73C123.2 167.8 96.04 215.7 96.04 267.5L16.04 313.8c-15.25 8.751-20.63 28.38-11.75 43.63l80 138.6c8.875 15.25 28.5 20.5 43.75 11.75l103.4-59.75h136.6c35.25 0 64-28.75 64-64c26.51 0 48-21.49 48-48V288h8c13.25 0 24-10.75 24-24l.0001-48C512 202.7 501.3 191.1 488 191.1zM635.7 154.5l-79.95-138.6c-8.875-15.25-28.5-20.5-43.75-11.75l-103.4 59.75h-62.57c-37.85 0-74.93 10.61-107.1 30.63C229.7 100.4 224 110.6 224 121.6l-.0004 126.4c0 22.13 17.88 40 40 40c22.13 0 40-17.88 40-40V159.1h184c30.93 0 56 25.07 56 56v28.5l80-46.25C639.3 189.4 644.5 169.8 635.7 154.5z\"><\/path><\/svg><\/div><div class=\"uagb-ifb-title-wrap\"><h6 class=\"uagb-ifb-title\"><strong>Savoir-faire local<\/strong><\/h6><\/div><p class=\"uagb-ifb-desc\">Cr\u00e9\u00e9 au sein d&rsquo;une coop\u00e9rative de femmes au Maroc.<\/p><\/div><\/div>\n\n\n\n<div class=\"wp-block-uagb-container uagb-block-f72467d3\">\n<div class=\"wp-block-uagb-advanced-heading uagb-block-5953fec3\"><h5 class=\"uagb-heading-text\">Ne manquez rien de nos cr\u00e9ations<\/h5><\/div>\n\n\n\t\t\t<div class=\"srfm-form-container srfm-form-container-3084 srfm-bg-color srfm-submit-button-hidden\">\n\t\t\t<style>\n\t\t\t\t\/* Need to check and remove the input variables related to the Style Tab. *\/\n\t\t\t\t.srfm-form-container-3084 {\n\t\t\t\t\t\/* New test variables *\/\n\t\t\t\t\t--srfm-color-scheme-primary: var(--ast-global-color-0);\n\t\t\t\t\t--srfm-color-scheme-text-on-primary: #FFFFFF;\n\t\t\t\t\t--srfm-color-scheme-text: var(--ast-global-color-2);\n\t\t\t\t\t--srfm-quill-editor-color: var(--ast-global-color-0);\n\n\t\t\t\t\t--srfm-color-input-label: var(--ast-global-color-2);\n\t\t\t\t\t--srfm-color-input-description: hsl( from var(--ast-global-color-2) h s l \/ 0.65 );\n\t\t\t\t\t--srfm-color-input-placeholder: hsl( from var(--ast-global-color-2) h s l \/ 0.5 );\n\t\t\t\t\t--srfm-color-input-text: var(--ast-global-color-2);\n\t\t\t\t\t--srfm-color-input-prefix: hsl( from var(--ast-global-color-2) h s l \/ 0.65 );\n\t\t\t\t\t--srfm-color-input-background: hsl( from var(--ast-global-color-2) h s l \/ 0.02 );\n\t\t\t\t\t--srfm-color-input-background-hover: hsl( from var(--ast-global-color-2) h s l \/ 0.05 );\n\t\t\t\t\t--srfm-color-input-background-disabled: hsl( from var(--ast-global-color-2) h s l \/ 0.07 );\n\t\t\t\t\t--srfm-color-input-border: hsl( from var(--ast-global-color-2) h s l \/ 0.25 );\n\t\t\t\t\t--srfm-color-input-border-disabled: hsl( from var(--ast-global-color-2) h s l \/ 0.15 );\n\t\t\t\t\t--srfm-color-multi-choice-svg: hsl( from var(--ast-global-color-2) h s l \/ 0.7 );\n\t\t\t\t\t--srfm-color-input-border-hover: hsl( from var(--ast-global-color-0) h s l \/ 0.65 );\n\t\t\t\t\t--srfm-color-input-border-focus-glow: hsl( from var(--ast-global-color-0) h s l \/ 0.15 );\n\t\t\t\t\t--srfm-color-input-selected: hsl( from var(--ast-global-color-0) h s l \/ 0.1 );\n\t\t\t\t\t--srfm-btn-color-hover: hsl( from var(--ast-global-color-0) h s l \/ 0.9 );\n\t\t\t\t\t--srfm-btn-color-disabled: hsl( from var(--ast-global-color-0) h s l \/ 0.25 );\n\n\t\t\t\t\t\/* Dropdown Variables *\/\n\t\t\t\t\t--srfm-dropdown-input-background-hover: hsl( from var(--ast-global-color-2) h s l \/ 0.05 );\n\t\t\t\t\t--srfm-dropdown-option-background-hover: hsl( from var(--ast-global-color-2) h s l \/ 0.10 );\n\t\t\t\t\t--srfm-dropdown-option-background-selected: hsl( from var(--ast-global-color-2) h s l \/ 0.05 );\n\t\t\t\t\t--srfm-dropdown-option-selected-icon: hsl( from var(--ast-global-color-2) h s l \/ 0.65 );\n\t\t\t\t\t--srfm-dropdown-option-text-color: hsl( from var(--ast-global-color-2) h s l \/ 0.80 );\n\t\t\t\t\t--srfm-dropdown-option-selected-text: var(--ast-global-color-2);\n\t\t\t\t\t--srfm-dropdown-badge-background: hsl( from var(--ast-global-color-2) h s l \/ 0.05 );\n\t\t\t\t\t--srfm-dropdown-badge-background-hover: hsl( from var(--ast-global-color-2) h s l \/ 0.10 );\n\t\t\t\t\t--srfm-dropdown-menu-border-color: hsl( from var(--ast-global-color-2) h s l \/ 0.10 );\n\t\t\t\t\t--srfm-dropdown-placeholder-color: hsl( from var(--ast-global-color-2) h s l \/ 0.50 );\n\t\t\t\t\t--srfm-dropdown-icon-color: hsl( from var(--ast-global-color-2) h s l \/ 0.65 );\n\t\t\t\t\t--srfm-dropdown-icon-disabled: hsl( from var(--ast-global-color-2) h s l \/ 0.25 );\n\n\t\t\t\t\t\/* Background Control Variables *\/\n\t\t\t\t\t--srfm-instant-form-padding-top: 32px;--srfm-instant-form-padding-right: 32px;--srfm-instant-form-padding-bottom: 32px;--srfm-instant-form-padding-left: 32px;--srfm-instant-form-border-radius-top: 12px;--srfm-instant-form-border-radius-right: 12px;--srfm-instant-form-border-radius-bottom: 12px;--srfm-instant-form-border-radius-left: 12px;--srfm-form-padding-top: 0px;--srfm-form-padding-right: 0px;--srfm-form-padding-bottom: 0px;--srfm-form-padding-left: 0px;--srfm-form-border-radius-top: 0px;--srfm-form-border-radius-right: 0px;--srfm-form-border-radius-bottom: 0px;--srfm-form-border-radius-left: 0px;--srfm-bg-color: #ffffff;--srfm-bg-overlay-opacity: 1;\t\t\t\t\t--srfm-row-gap-between-blocks: 18px;--srfm-address-label-font-size: 16px;--srfm-address-label-line-height: 24px;--srfm-address-description-font-size: 14px;--srfm-address-description-line-height: 20px;--srfm-col-gap-between-fields: 16px;--srfm-row-gap-between-fields: 16px;--srfm-gap-below-address-label: 14px;--srfm-dropdown-font-size: 14px;--srfm-dropdown-gap-between-input-menu: 4px;--srfm-dropdown-badge-padding: 2px 6px;--srfm-dropdown-multiselect-font-size: 12px;--srfm-dropdown-multiselect-line-height: 16px;--srfm-dropdown-padding-right: 12px;--srfm-dropdown-padding-right-icon: calc( var( --srfm-dropdown-padding-right ) + 20px );--srfm-dropdown-multiselect-padding: 8px var( --srfm-dropdown-padding-right-icon ) 8px 8px;--srfm-input-height: 44px;--srfm-input-field-padding: 10px 12px;--srfm-input-field-font-size: 16px;--srfm-input-field-line-height: 24px;--srfm-input-field-margin-top: 6px;--srfm-input-field-margin-bottom: 6px;--srfm-checkbox-label-font-size: 16px;--srfm-checkbox-label-line-height: 24px;--srfm-checkbox-description-font-size: 14px;--srfm-checkbox-description-line-height: 20px;--srfm-check-ctn-width: 16px;--srfm-check-ctn-height: 16px;--srfm-check-svg-size: 10px;--srfm-checkbox-margin-top-frontend: 4px;--srfm-checkbox-margin-top-editor: 6px;--srfm-check-gap: 8px;--srfm-checkbox-description-margin-left: 24px;--srfm-flag-section-padding: 10px 0 10px 12px;--srfm-gap-between-icon-text: 8px;--srfm-label-font-size: 16px;--srfm-label-line-height: 24px;--srfm-description-font-size: 14px;--srfm-description-line-height: 20px;--srfm-btn-padding: 10px 14px;--srfm-btn-font-size: 16px;--srfm-btn-line-height: 24px;--srfm-multi-choice-horizontal-padding: 20px;--srfm-multi-choice-vertical-padding: 20px;--srfm-multi-choice-internal-option-gap: 8px;--srfm-multi-choice-vertical-svg-size: 40px;--srfm-multi-choice-horizontal-image-size: 24px;--srfm-multi-choice-vertical-image-size: 120px;--srfm-multi-choice-outer-padding: 2px;\t\t\t\t}\n\t\t\t<\/style>\n\t\t\t\t\t\t\t<form method=\"post\" enctype=\"multipart\/form-data\" id=\"srfm-form-3084\" class=\"srfm-form\"\n\t\t\t\tform-id=\"3084\" after-submission=\"hide form\" message-type=\"same page\" success-url=\"\" ajaxurl=\"https:\/\/coopbysisters.com\/wp-admin\/admin-ajax.php\" data-nonce=\"02a3b29026\" action=\"\"\n\t\t\t\t>\n\t\t\t\t<input type=\"hidden\" id=\"sureforms_form_submit\" name=\"sureforms_form_submit\" value=\"f54e620144\" \/><input type=\"hidden\" name=\"_wp_http_referer\" value=\"\/ar\/wp-json\/wp\/v2\/pages\/1009\" \/>\n\t\t\t\t<input type=\"hidden\" value=\"3084\" name=\"form-id\">\n\t\t\t\t<input type=\"hidden\" value=\"\" name=\"srfm-sender-email-field\" id=\"srfm-sender-email\">\n\t\t\t\t<input type=\"hidden\" value=\"\" id=\"srfm-page-break\">\n\t\t\t\t\t\t<p id=\"srfm-error-message\" class=\"srfm-common-error-message srfm-error-message srfm-head-error\" hidden>\t\t<span class=\"srfm-icon\" aria-hidden=\"true\">\n\t\t\t<svg xmlns='http:\/\/www.w3.org\/2000\/svg' width='20' height='20' fill='none'><path d='M9.99935 18.3327C14.6017 18.3327 18.3327 14.6017 18.3327 9.99935C18.3327 5.39698 14.6017 1.66602 9.99935 1.66602C5.39698 1.66602 1.66602 5.39698 1.66602 9.99935C1.66602 14.6017 5.39698 18.3327 9.99935 18.3327Z' stroke='currentColor' stroke-width='1.5' stroke-linecap='round' stroke-linejoin='round' \/><path d='M10 6.66602V9.99935' stroke='currentColor' stroke-width='1.5' stroke-linecap='round' stroke-linejoin='round' \/><path d='M10 13.334H10.0083' stroke='currentColor' stroke-width='1.5' stroke-linecap='round' stroke-linejoin='round' \/><\/svg>\t\t<\/span>\n\t\t<span class=\"srfm-error-content\">There was an error trying to submit your form. Please try again.<\/span><\/p>\n\t\t\t\t\t<div data-block-id=\"03e2a21a\" class=\"srfm-block-single srfm-block srfm-email-block-wrap srfm-block-width-75 3084\">\n\t\t\t\t<div class=\"srfm-email-block srf-email-03e2a21a-block\">\n\t\t\t\t\t\t\t\t\t\t\t\t\t\t\t<div class=\"srfm-block-wrap\">\n\t\t\t\t\t\t<input class=\"srfm-input-common srfm-input-email\" type=\"email\" name=\"srfm-email-03e2a21a-lbl-Vm90cmUgZW1haWwuLg-your-email-please\" id=\"srfm-email-03e2a21a-lbl-Vm90cmUgZW1haWwuLg\"\n\t\t\t\t\t\taria-describedby='srfm-error-03e2a21a'\t\t\t\t\t\tdata-required=\"false\" aria-required=\"false\" data-unique=\"false\" value=\"\"  placeholder=\"Votre email..\"   \/>\n\t\t\t\t\t<\/div>\n\t\t\t\t\t<div class=\"srfm-error-wrap\">\n\t\t\t\t\t\t\t\t\t\t\t<div class=\"srfm-error-message\" data-srfm-id=\"srfm-error-03e2a21a\" data-error-msg=\"This field is required.\" data-unique-msg=\"Value needs to be unique.\">\n\t\t\t\t\t\tThis field is required.\t\t\t\t\t<\/div>\n\t\t\t\t\t\t\t\t\t\t<\/div>\n\t\t\t\t<\/div>\n\t\t\t\t\t\t\t<\/div>\n\t\t\n\n\t\t\t\t\t\t\t\t\t\t<div data-block-id=\"ce9336cd\" class=\"3084 srf-inline-button-ce9336cd-block srfm-block-width-25 srfm-block srfm-custom-button-ctn\">\n\t\t\t\t\t\t\t\t<button style=\" font-family: inherit; font-weight: var(--wp--custom--font-weight--medium); line-height: normal;width:100%;\" id=\"srfm-submit-btn\" class=\"srfm-button srfm-submit-button srfm-btn-frontend srfm-custom-button\" >\n\t\t\t\t\t<div class=\"srfm-submit-wrap\">\n\t\t\t\t\t\tValider\t\t\t\t\t\t<div class=\"srfm-loader\"><\/div>\n\t\t\t\t\t<\/div>\n\t\t\t\t<\/button>\n\t\t\t\t<div class=\"srfm-error-wrap\"><\/div>\n\t\t\t<\/div>\n\t\t\t\t\t\t\t\t\t\n\t\t\t\t\t\n\t\t\t\t\t<div class=\"srfm-submit-container\" style=\"visibility:hidden;position:absolute;\">\n\t\t\t\t\t\t<div style=\"width: ; text-align: right\" class=\"wp-block-button\">\n\t\t\t\t\t\t\t\t\t\t\t\t\t\t\t\t\t\t\t\t\t\t\t\t<\/div>\n\t\t\t\t\t<\/div>\n\t\t\t\t\t\t\t<p id=\"srfm-error-message\" class=\"srfm-common-error-message srfm-error-message srfm-footer-error\" hidden>\t\t<span class=\"srfm-icon\" aria-hidden=\"true\">\n\t\t\t<svg xmlns='http:\/\/www.w3.org\/2000\/svg' width='20' height='20' fill='none'><path d='M9.99935 18.3327C14.6017 18.3327 18.3327 14.6017 18.3327 9.99935C18.3327 5.39698 14.6017 1.66602 9.99935 1.66602C5.39698 1.66602 1.66602 5.39698 1.66602 9.99935C1.66602 14.6017 5.39698 18.3327 9.99935 18.3327Z' stroke='currentColor' stroke-width='1.5' stroke-linecap='round' stroke-linejoin='round' \/><path d='M10 6.66602V9.99935' stroke='currentColor' stroke-width='1.5' stroke-linecap='round' stroke-linejoin='round' \/><path d='M10 13.334H10.0083' stroke='currentColor' stroke-width='1.5' stroke-linecap='round' stroke-linejoin='round' \/><\/svg>\t\t<\/span>\n\t\t<span class=\"srfm-error-content\">There was an error trying to submit your form. Please try again.<\/span><\/p>\n\t\t\t\t\t<input type=\"hidden\" name=\"trp-form-language\" value=\"ar\"\/><\/form>\n\t\t\t<div class=\"srfm-single-form srfm-success-box in-page\">\n\t\t\t\t<div aria-live=\"polite\" aria-atomic=\"true\" role=\"alert\" id=\"srfm-success-message-page-3084\" class=\"srfm-success-box-description\"><\/div>\n\t\t\t<\/div>\n\t\t\t<\/div>\n\t\t\n<\/div>\n<\/div><\/div>","protected":false},"excerpt":{"rendered":"<p>Les femmes de Coop by Sisters Une famille d\u2019artisanes, de m\u00e8re en filles Chez Coop by Sisters, chaque pi\u00e8ce raconte une histoire vraie. Celle d\u2019une famille d\u2019artisanes marocaines unie par une passion commune : faire vivre l\u2019art du fait main \u2014 sans interm\u00e9diaire, avec respect, sinc\u00e9rit\u00e9 et fiert\u00e9. Tout commence avec Madame Belataoui, artisan-brodeuse depuis [&hellip;]<\/p>","protected":false},"author":1,"featured_media":0,"parent":0,"menu_order":0,"comment_status":"closed","ping_status":"closed","template":"","meta":{"_uag_custom_page_level_css":"","site-sidebar-layout":"no-sidebar","site-content-layout":"page-builder","ast-site-content-layout":"full-width-container","site-content-style":"unboxed","site-sidebar-style":"unboxed","ast-global-header-display":"","ast-banner-title-visibility":"","ast-main-header-display":"","ast-hfb-above-header-display":"","ast-hfb-below-header-display":"","ast-hfb-mobile-header-display":"","site-post-title":"disabled","ast-breadcrumbs-content":"","ast-featured-img":"disabled","footer-sml-layout":"","theme-transparent-header-meta":"default","adv-header-id-meta":"","stick-header-meta":"","header-above-stick-meta":"","header-main-stick-meta":"","header-below-stick-meta":"","astra-migrate-meta-layouts":"set","ast-page-background-enabled":"default","ast-page-background-meta":{"desktop":{"background-color":"var(--ast-global-color-4)","background-image":"","background-repeat":"repeat","background-position":"center center","background-size":"auto","background-attachment":"scroll","background-type":"","background-media":"","overlay-type":"","overlay-color":"","overlay-opacity":"","overlay-gradient":""},"tablet":{"background-color":"","background-image":"","background-repeat":"repeat","background-position":"center center","background-size":"auto","background-attachment":"scroll","background-type":"","background-media":"","overlay-type":"","overlay-color":"","overlay-opacity":"","overlay-gradient":""},"mobile":{"background-color":"","background-image":"","background-repeat":"repeat","background-position":"center center","background-size":"auto","background-attachment":"scroll","background-type":"","background-media":"","overlay-type":"","overlay-color":"","overlay-opacity":"","overlay-gradient":""}},"ast-content-background-meta":{"desktop":{"background-color":"var(--ast-global-color-5)","background-image":"","background-repeat":"repeat","background-position":"center center","background-size":"auto","background-attachment":"scroll","background-type":"","background-media":"","overlay-type":"","overlay-color":"","overlay-opacity":"","overlay-gradient":""},"tablet":{"background-color":"var(--ast-global-color-5)","background-image":"","background-repeat":"repeat","background-position":"center center","background-size":"auto","background-attachment":"scroll","background-type":"","background-media":"","overlay-type":"","overlay-color":"","overlay-opacity":"","overlay-gradient":""},"mobile":{"background-color":"var(--ast-global-color-5)","background-image":"","background-repeat":"repeat","background-position":"center center","background-size":"auto","background-attachment":"scroll","background-type":"","background-media":"","overlay-type":"","overlay-color":"","overlay-opacity":"","overlay-gradient":""}},"footnotes":""},"class_list":["post-1009","page","type-page","status-publish","hentry"],"aioseo_notices":[],"uagb_featured_image_src":{"full":false,"thumbnail":false,"medium":false,"medium_large":false,"large":false,"1536x1536":false,"2048x2048":false,"trp-custom-language-flag":false,"woocommerce_thumbnail":false,"woocommerce_single":false,"woocommerce_gallery_thumbnail":false},"uagb_author_info":{"display_name":"","author_link":"https:\/\/coopbysisters.com\/ar\/author\/couturebysistersgmail-com\/"},"uagb_comment_info":0,"uagb_excerpt":"Les femmes de Coop by Sisters Une famille d\u2019artisanes, de m\u00e8re en filles Chez Coop by Sisters, chaque pi\u00e8ce raconte une histoire vraie. Celle d\u2019une famille d\u2019artisanes marocaines unie par une passion commune : faire vivre l\u2019art du fait main \u2014 sans interm\u00e9diaire, avec respect, sinc\u00e9rit\u00e9 et fiert\u00e9. Tout commence avec Madame Belataoui, artisan-brodeuse depuis&hellip;","_links":{"self":[{"href":"https:\/\/coopbysisters.com\/ar\/wp-json\/wp\/v2\/pages\/1009","targetHints":{"allow":["GET"]}}],"collection":[{"href":"https:\/\/coopbysisters.com\/ar\/wp-json\/wp\/v2\/pages"}],"about":[{"href":"https:\/\/coopbysisters.com\/ar\/wp-json\/wp\/v2\/types\/page"}],"author":[{"embeddable":true,"href":"https:\/\/coopbysisters.com\/ar\/wp-json\/wp\/v2\/users\/1"}],"replies":[{"embeddable":true,"href":"https:\/\/coopbysisters.com\/ar\/wp-json\/wp\/v2\/comments?post=1009"}],"version-history":[{"count":5,"href":"https:\/\/coopbysisters.com\/ar\/wp-json\/wp\/v2\/pages\/1009\/revisions"}],"predecessor-version":[{"id":3261,"href":"https:\/\/coopbysisters.com\/ar\/wp-json\/wp\/v2\/pages\/1009\/revisions\/3261"}],"wp:attachment":[{"href":"https:\/\/coopbysisters.com\/ar\/wp-json\/wp\/v2\/media?parent=1009"}],"curies":[{"name":"wp","href":"https:\/\/api.w.org\/{rel}","templated":true}]}}