{"id":3159,"date":"2025-05-09T01:49:33","date_gmt":"2025-05-09T01:49:33","guid":{"rendered":"https:\/\/coopbysisters.com\/product\/tote-bag-brode-main\/"},"modified":"2025-05-09T02:53:04","modified_gmt":"2025-05-09T02:53:04","slug":"tote-bag-brode-main","status":"publish","type":"product","link":"https:\/\/coopbysisters.com\/ar\/product\/tote-bag-brode-main\/","title":{"rendered":"Tote bag brod\u00e9 main \u2013 Artisanat marocain sur coton naturel"},"content":{"rendered":"<p>Ce <strong data-start=\"438\" data-end=\"461\">tote bag 100% coton<\/strong> est enti\u00e8rement <strong data-start=\"478\" data-end=\"497\">brod\u00e9 \u00e0 la main<\/strong> par les artisanes de la coop\u00e9rative.<br data-start=\"534\" data-end=\"537\" \/>Les motifs floraux s&rsquo;inspirent des traditions textiles marocaines, tout en offrant un style doux et contemporain.<br data-start=\"650\" data-end=\"653\" \/>L\u00e9ger, pratique et \u00e9thique, ce sac est id\u00e9al pour vos courses, vos sorties ou comme <strong data-start=\"737\" data-end=\"769\">cadeau artisanal responsable<\/strong>.<br data-start=\"770\" data-end=\"773\" \/>Chaque pi\u00e8ce est unique, r\u00e9alis\u00e9e avec soin pour valoriser le travail fait main et soutenir l\u2019artisanat local.<\/p>","protected":false},"excerpt":{"rendered":"<p>Ce tote bag 100% coton est enti\u00e8rement brod\u00e9 \u00e0 la main par les artisanes de la coop\u00e9rative.Les motifs floraux s&rsquo;inspirent des traditions textiles marocaines, tout en offrant un style doux et contemporain.L\u00e9ger, pratique et \u00e9thique, ce sac est id\u00e9al pour vos courses, vos sorties ou comme cadeau artisanal responsable.Chaque pi\u00e8ce est unique, r\u00e9alis\u00e9e avec soin [&hellip;]<\/p>","protected":false},"featured_media":0,"template":"","meta":{"_uag_custom_page_level_css":"","site-sidebar-layout":"default","site-content-layout":"","ast-site-content-layout":"default","site-content-style":"default","site-sidebar-style":"default","ast-global-header-display":"","ast-banner-title-visibility":"","ast-main-header-display":"","ast-hfb-above-header-display":"","ast-hfb-below-header-display":"","ast-hfb-mobile-header-display":"","site-post-title":"","ast-breadcrumbs-content":"","ast-featured-img":"","footer-sml-layout":"","theme-transparent-header-meta":"default","adv-header-id-meta":"","stick-header-meta":"","header-above-stick-meta":"","header-main-stick-meta":"","header-below-stick-meta":"","astra-migrate-meta-layouts":"set","ast-page-background-enabled":"default","ast-page-background-meta":{"desktop":{"background-color":"var(--ast-global-color-4)","background-image":"","background-repeat":"repeat","background-position":"center center","background-size":"auto","background-attachment":"scroll","background-type":"","background-media":"","overlay-type":"","overlay-color":"","overlay-opacity":"","overlay-gradient":""},"tablet":{"background-color":"","background-image":"","background-repeat":"repeat","background-position":"center center","background-size":"auto","background-attachment":"scroll","background-type":"","background-media":"","overlay-type":"","overlay-color":"","overlay-opacity":"","overlay-gradient":""},"mobile":{"background-color":"","background-image":"","background-repeat":"repeat","background-position":"center center","background-size":"auto","background-attachment":"scroll","background-type":"","background-media":"","overlay-type":"","overlay-color":"","overlay-opacity":"","overlay-gradient":""}},"ast-content-background-meta":{"desktop":{"background-color":"var(--ast-global-color-5)","background-image":"","background-repeat":"repeat","background-position":"center center","background-size":"auto","background-attachment":"scroll","background-type":"","background-media":"","overlay-type":"","overlay-color":"","overlay-opacity":"","overlay-gradient":""},"tablet":{"background-color":"var(--ast-global-color-5)","background-image":"","background-repeat":"repeat","background-position":"center center","background-size":"auto","background-attachment":"scroll","background-type":"","background-media":"","overlay-type":"","overlay-color":"","overlay-opacity":"","overlay-gradient":""},"mobile":{"background-color":"var(--ast-global-color-5)","background-image":"","background-repeat":"repeat","background-position":"center center","background-size":"auto","background-attachment":"scroll","background-type":"","background-media":"","overlay-type":"","overlay-color":"","overlay-opacity":"","overlay-gradient":""}}},"product_brand":[],"product_cat":[28],"product_tag":[38,29,39],"class_list":{"0":"post-3159","1":"product","2":"type-product","3":"status-publish","5":"product_cat-accessoires","6":"product_tag-broderie-florale","7":"product_tag-fait-main","8":"product_tag-style-traditionnel","9":"desktop-align-left","10":"tablet-align-left","11":"mobile-align-left","13":"first","14":"instock","15":"taxable","16":"shipping-taxable","17":"product-type-variable"},"aioseo_notices":[],"uagb_featured_image_src":{"full":false,"thumbnail":false,"medium":false,"medium_large":false,"large":false,"1536x1536":false,"2048x2048":false,"trp-custom-language-flag":false,"woocommerce_thumbnail":false,"woocommerce_single":false,"woocommerce_gallery_thumbnail":false},"uagb_author_info":{"display_name":"","author_link":"https:\/\/coopbysisters.com\/ar\/author\/"},"uagb_comment_info":0,"uagb_excerpt":"Ce tote bag 100% coton est enti\u00e8rement brod\u00e9 \u00e0 la main par les artisanes de la coop\u00e9rative.Les motifs floraux s&rsquo;inspirent des traditions textiles marocaines, tout en offrant un style doux et contemporain.L\u00e9ger, pratique et \u00e9thique, ce sac est id\u00e9al pour vos courses, vos sorties ou comme cadeau artisanal responsable.Chaque pi\u00e8ce est unique, r\u00e9alis\u00e9e avec soin&hellip;","_links":{"self":[{"href":"https:\/\/coopbysisters.com\/ar\/wp-json\/wp\/v2\/product\/3159","targetHints":{"allow":["GET"]}}],"collection":[{"href":"https:\/\/coopbysisters.com\/ar\/wp-json\/wp\/v2\/product"}],"about":[{"href":"https:\/\/coopbysisters.com\/ar\/wp-json\/wp\/v2\/types\/product"}],"wp:attachment":[{"href":"https:\/\/coopbysisters.com\/ar\/wp-json\/wp\/v2\/media?parent=3159"}],"wp:term":[{"taxonomy":"product_brand","embeddable":true,"href":"https:\/\/coopbysisters.com\/ar\/wp-json\/wp\/v2\/product_brand?post=3159"},{"taxonomy":"product_cat","embeddable":true,"href":"https:\/\/coopbysisters.com\/ar\/wp-json\/wp\/v2\/product_cat?post=3159"},{"taxonomy":"product_tag","embeddable":true,"href":"https:\/\/coopbysisters.com\/ar\/wp-json\/wp\/v2\/product_tag?post=3159"}],"curies":[{"name":"wp","href":"https:\/\/api.w.org\/{rel}","templated":true}]}}