{"id":3161,"date":"2025-05-09T01:49:33","date_gmt":"2025-05-09T01:49:33","guid":{"rendered":"https:\/\/coopbysisters.com\/product\/%d8%aa%d9%83%d8%b4%d9%8a%d8%b7%d8%a9-%d9%85%d9%88%d8%b3%d9%84%d9%8a%d9%86-%d8%a8%d8%a7%d9%84%d8%b7%d8%b1%d8%b2-%d8%a7%d9%84%d8%b1%d8%a8%d8%a7%d8%b7%d9%8a-%d9%88%d8%a7%d9%84%d8%b3%d9%81%d9%8a%d9%81\/"},"modified":"2025-05-09T03:47:40","modified_gmt":"2025-05-09T03:47:40","slug":"takchita-tarz-rbati-sfifa","status":"publish","type":"product","link":"https:\/\/coopbysisters.com\/ar\/product\/takchita-tarz-rbati-sfifa\/","title":{"rendered":"Takchita brod\u00e9e \u00e0 la main \u2013 Tarz rbati et sfifa traditionnelle"},"content":{"rendered":"<p>Cette <strong data-start=\"489\" data-end=\"512\">takchita artisanale<\/strong> se distingue par sa confection soign\u00e9e et ses d\u00e9tails raffin\u00e9s.<br data-start=\"576\" data-end=\"579\" \/>Le haut du mod\u00e8le est <strong data-start=\"601\" data-end=\"620\">brod\u00e9 \u00e0 la main<\/strong> avec un <strong data-start=\"629\" data-end=\"650\">tarz rbati pr\u00e9cis<\/strong>, r\u00e9parti harmonieusement sur le col, le buste et les manches.<br data-start=\"712\" data-end=\"715\" \/>Elle est \u00e9galement orn\u00e9e d\u2019une <strong data-start=\"746\" data-end=\"762\">sfifa<\/strong>, r\u00e9alis\u00e9e dans la plus pure tradition marocaine et cousue avec pr\u00e9cision pour souligner les lignes du v\u00eatement.<br data-start=\"874\" data-end=\"877\" \/>Parfaite pour les <strong data-start=\"895\" data-end=\"941\">mariages, soir\u00e9es ou occasions religieuses<\/strong>, cette pi\u00e8ce incarne une <strong data-start=\"967\" data-end=\"1001\">\u00e9l\u00e9gance sobre et intemporelle<\/strong>, alliant savoir-faire et style.<\/p>","protected":false},"excerpt":{"rendered":"<p class=\"\" data-start=\"321\" data-end=\"428\">Takchita \u00e9l\u00e9gante brod\u00e9e \u00e0 la main avec tarz rbati et finie par une sfifa cousue selon la tradition.<\/p>","protected":false},"featured_media":3199,"template":"","meta":{"_uag_custom_page_level_css":"","site-sidebar-layout":"default","site-content-layout":"","ast-site-content-layout":"default","site-content-style":"default","site-sidebar-style":"default","ast-global-header-display":"","ast-banner-title-visibility":"","ast-main-header-display":"","ast-hfb-above-header-display":"","ast-hfb-below-header-display":"","ast-hfb-mobile-header-display":"","site-post-title":"","ast-breadcrumbs-content":"","ast-featured-img":"","footer-sml-layout":"","theme-transparent-header-meta":"default","adv-header-id-meta":"","stick-header-meta":"","header-above-stick-meta":"","header-main-stick-meta":"","header-below-stick-meta":"","astra-migrate-meta-layouts":"set","ast-page-background-enabled":"default","ast-page-background-meta":{"desktop":{"background-color":"var(--ast-global-color-4)","background-image":"","background-repeat":"repeat","background-position":"center center","background-size":"auto","background-attachment":"scroll","background-type":"","background-media":"","overlay-type":"","overlay-color":"","overlay-opacity":"","overlay-gradient":""},"tablet":{"background-color":"","background-image":"","background-repeat":"repeat","background-position":"center center","background-size":"auto","background-attachment":"scroll","background-type":"","background-media":"","overlay-type":"","overlay-color":"","overlay-opacity":"","overlay-gradient":""},"mobile":{"background-color":"","background-image":"","background-repeat":"repeat","background-position":"center center","background-size":"auto","background-attachment":"scroll","background-type":"","background-media":"","overlay-type":"","overlay-color":"","overlay-opacity":"","overlay-gradient":""}},"ast-content-background-meta":{"desktop":{"background-color":"var(--ast-global-color-5)","background-image":"","background-repeat":"repeat","background-position":"center center","background-size":"auto","background-attachment":"scroll","background-type":"","background-media":"","overlay-type":"","overlay-color":"","overlay-opacity":"","overlay-gradient":""},"tablet":{"background-color":"var(--ast-global-color-5)","background-image":"","background-repeat":"repeat","background-position":"center center","background-size":"auto","background-attachment":"scroll","background-type":"","background-media":"","overlay-type":"","overlay-color":"","overlay-opacity":"","overlay-gradient":""},"mobile":{"background-color":"var(--ast-global-color-5)","background-image":"","background-repeat":"repeat","background-position":"center center","background-size":"auto","background-attachment":"scroll","background-type":"","background-media":"","overlay-type":"","overlay-color":"","overlay-opacity":"","overlay-gradient":""}}},"product_brand":[],"product_cat":[26],"product_tag":[29,31,40],"class_list":{"0":"post-3161","1":"product","2":"type-product","3":"status-publish","4":"has-post-thumbnail","6":"product_cat-takchitas","7":"product_tag-fait-main","8":"product_tag-sfifa-traditionnelle","9":"product_tag-tarz-rbati","10":"desktop-align-left","11":"tablet-align-left","12":"mobile-align-left","14":"first","15":"instock","16":"taxable","17":"shipping-taxable","18":"purchasable","19":"product-type-simple"},"aioseo_notices":[],"uagb_featured_image_src":{"full":["https:\/\/coopbysisters.com\/wp-content\/uploads\/2025\/05\/Takchita_bleue_1.png",1024,1536,false],"thumbnail":["https:\/\/coopbysisters.com\/wp-content\/uploads\/2025\/05\/Takchita_bleue_1-150x150.png",150,150,true],"medium":["https:\/\/coopbysisters.com\/wp-content\/uploads\/2025\/05\/Takchita_bleue_1-200x300.png",200,300,true],"medium_large":["https:\/\/coopbysisters.com\/wp-content\/uploads\/2025\/05\/Takchita_bleue_1-768x1152.png",768,1152,true],"large":["https:\/\/coopbysisters.com\/wp-content\/uploads\/2025\/05\/Takchita_bleue_1-683x1024.png",683,1024,true],"1536x1536":["https:\/\/coopbysisters.com\/wp-content\/uploads\/2025\/05\/Takchita_bleue_1.png",1024,1536,false],"2048x2048":["https:\/\/coopbysisters.com\/wp-content\/uploads\/2025\/05\/Takchita_bleue_1.png",1024,1536,false],"trp-custom-language-flag":["https:\/\/coopbysisters.com\/wp-content\/uploads\/2025\/05\/Takchita_bleue_1-8x12.png",8,12,true],"woocommerce_thumbnail":["https:\/\/coopbysisters.com\/wp-content\/uploads\/2025\/05\/Takchita_bleue_1-400x400.png",400,400,true],"woocommerce_single":["https:\/\/coopbysisters.com\/wp-content\/uploads\/2025\/05\/Takchita_bleue_1-800x1200.png",800,1200,true],"woocommerce_gallery_thumbnail":["https:\/\/coopbysisters.com\/wp-content\/uploads\/2025\/05\/Takchita_bleue_1-100x100.png",100,100,true]},"uagb_author_info":{"display_name":"","author_link":"https:\/\/coopbysisters.com\/ar\/author\/"},"uagb_comment_info":0,"uagb_excerpt":"Takchita \u00e9l\u00e9gante brod\u00e9e \u00e0 la main avec tarz rbati et finie par une sfifa cousue selon la tradition.","_links":{"self":[{"href":"https:\/\/coopbysisters.com\/ar\/wp-json\/wp\/v2\/product\/3161","targetHints":{"allow":["GET"]}}],"collection":[{"href":"https:\/\/coopbysisters.com\/ar\/wp-json\/wp\/v2\/product"}],"about":[{"href":"https:\/\/coopbysisters.com\/ar\/wp-json\/wp\/v2\/types\/product"}],"wp:featuredmedia":[{"embeddable":true,"href":"https:\/\/coopbysisters.com\/ar\/wp-json\/wp\/v2\/media\/3199"}],"wp:attachment":[{"href":"https:\/\/coopbysisters.com\/ar\/wp-json\/wp\/v2\/media?parent=3161"}],"wp:term":[{"taxonomy":"product_brand","embeddable":true,"href":"https:\/\/coopbysisters.com\/ar\/wp-json\/wp\/v2\/product_brand?post=3161"},{"taxonomy":"product_cat","embeddable":true,"href":"https:\/\/coopbysisters.com\/ar\/wp-json\/wp\/v2\/product_cat?post=3161"},{"taxonomy":"product_tag","embeddable":true,"href":"https:\/\/coopbysisters.com\/ar\/wp-json\/wp\/v2\/product_tag?post=3161"}],"curies":[{"name":"wp","href":"https:\/\/api.w.org\/{rel}","templated":true}]}}