{"id":3163,"date":"2025-05-09T01:49:33","date_gmt":"2025-05-09T01:49:33","guid":{"rendered":"https:\/\/coopbysisters.com\/product\/%d8%ac%d9%84%d8%a7%d8%a8%d8%a9-%d9%85%d9%84%d9%8a%d9%81%d8%a9-%d8%b1%d8%a7%d9%86%d8%af%d8%a9-%d9%88%d8%b7%d8%b1%d8%b2-%d8%b1%d8%a8%d8%a7%d8%b7%d9%8a\/"},"modified":"2025-05-09T03:56:45","modified_gmt":"2025-05-09T03:56:45","slug":"jellaba-mlifa-randa-aakads-tarz-main","status":"publish","type":"product","link":"https:\/\/coopbysisters.com\/ar\/product\/jellaba-mlifa-randa-aakads-tarz-main\/","title":{"rendered":"Jellaba en mlifa \u2013 Randa, aakads et tarz rbati brod\u00e9 main"},"content":{"rendered":"<p class=\"\" data-start=\"469\" data-end=\"604\">Cette jellaba est r\u00e9alis\u00e9e en <strong data-start=\"499\" data-end=\"508\">mlifa<\/strong>, un tissu \u00e9pais et structur\u00e9 id\u00e9al pour les saisons fra\u00eeches.<br data-start=\"570\" data-end=\"573\" \/>Elle est richement d\u00e9cor\u00e9e de :<\/p>\n<ul data-start=\"605\" data-end=\"862\">\n<li class=\"\" data-start=\"605\" data-end=\"668\">\n<p class=\"\" data-start=\"607\" data-end=\"668\"><strong data-start=\"607\" data-end=\"627\">randa artisanale<\/strong> cousue sur les longueurs et les manches,<\/p>\n<\/li>\n<li class=\"\" data-start=\"669\" data-end=\"738\">\n<p class=\"\" data-start=\"671\" data-end=\"738\"><strong data-start=\"671\" data-end=\"681\">aakads<\/strong> traditionnels nou\u00e9s \u00e0 la main sur la fermeture frontale,<\/p>\n<\/li>\n<li class=\"\" data-start=\"739\" data-end=\"862\">\n<p class=\"\" data-start=\"741\" data-end=\"862\">et une <strong data-start=\"748\" data-end=\"771\">broderie tarz rbati<\/strong> enti\u00e8rement r\u00e9alis\u00e9e <strong data-start=\"793\" data-end=\"806\">\u00e0 la main<\/strong>, dans le respect des techniques ancestrales marocaines.<\/p>\n<\/li>\n<\/ul>\n<p class=\"\" data-start=\"864\" data-end=\"1008\">Ce mod\u00e8le allie <strong data-start=\"880\" data-end=\"926\">qualit\u00e9, confort et raffinement<\/strong>, parfait pour les occasions o\u00f9 l\u2019on souhaite allier <strong data-start=\"979\" data-end=\"1007\">pr\u00e9sence et authenticit\u00e9<\/strong>.<\/p>","protected":false},"excerpt":{"rendered":"<p class=\"\" data-start=\"318\" data-end=\"414\">Jellaba en mlifa \u00e9paisse, orn\u00e9e de randa, aakads traditionnels et broderie tarz rbati \u00e0 la main.<\/p>","protected":false},"featured_media":3203,"template":"","meta":{"_uag_custom_page_level_css":"","site-sidebar-layout":"default","site-content-layout":"","ast-site-content-layout":"default","site-content-style":"default","site-sidebar-style":"default","ast-global-header-display":"","ast-banner-title-visibility":"","ast-main-header-display":"","ast-hfb-above-header-display":"","ast-hfb-below-header-display":"","ast-hfb-mobile-header-display":"","site-post-title":"","ast-breadcrumbs-content":"","ast-featured-img":"","footer-sml-layout":"","theme-transparent-header-meta":"default","adv-header-id-meta":"","stick-header-meta":"","header-above-stick-meta":"","header-main-stick-meta":"","header-below-stick-meta":"","astra-migrate-meta-layouts":"set","ast-page-background-enabled":"default","ast-page-background-meta":{"desktop":{"background-color":"var(--ast-global-color-4)","background-image":"","background-repeat":"repeat","background-position":"center center","background-size":"auto","background-attachment":"scroll","background-type":"","background-media":"","overlay-type":"","overlay-color":"","overlay-opacity":"","overlay-gradient":""},"tablet":{"background-color":"","background-image":"","background-repeat":"repeat","background-position":"center center","background-size":"auto","background-attachment":"scroll","background-type":"","background-media":"","overlay-type":"","overlay-color":"","overlay-opacity":"","overlay-gradient":""},"mobile":{"background-color":"","background-image":"","background-repeat":"repeat","background-position":"center center","background-size":"auto","background-attachment":"scroll","background-type":"","background-media":"","overlay-type":"","overlay-color":"","overlay-opacity":"","overlay-gradient":""}},"ast-content-background-meta":{"desktop":{"background-color":"var(--ast-global-color-5)","background-image":"","background-repeat":"repeat","background-position":"center center","background-size":"auto","background-attachment":"scroll","background-type":"","background-media":"","overlay-type":"","overlay-color":"","overlay-opacity":"","overlay-gradient":""},"tablet":{"background-color":"var(--ast-global-color-5)","background-image":"","background-repeat":"repeat","background-position":"center center","background-size":"auto","background-attachment":"scroll","background-type":"","background-media":"","overlay-type":"","overlay-color":"","overlay-opacity":"","overlay-gradient":""},"mobile":{"background-color":"var(--ast-global-color-5)","background-image":"","background-repeat":"repeat","background-position":"center center","background-size":"auto","background-attachment":"scroll","background-type":"","background-media":"","overlay-type":"","overlay-color":"","overlay-opacity":"","overlay-gradient":""}}},"product_brand":[],"product_cat":[27],"product_tag":[29,41,40],"class_list":{"0":"post-3163","1":"product","2":"type-product","3":"status-publish","4":"has-post-thumbnail","6":"product_cat-jellabas","7":"product_tag-fait-main","8":"product_tag-grande-taille","9":"product_tag-tarz-rbati","10":"desktop-align-left","11":"tablet-align-left","12":"mobile-align-left","14":"first","15":"instock","16":"taxable","17":"shipping-taxable","18":"purchasable","19":"product-type-simple"},"aioseo_notices":[],"uagb_featured_image_src":{"full":["https:\/\/coopbysisters.com\/wp-content\/uploads\/2025\/05\/Jellaba_ronda_1.png",1024,1536,false],"thumbnail":["https:\/\/coopbysisters.com\/wp-content\/uploads\/2025\/05\/Jellaba_ronda_1-150x150.png",150,150,true],"medium":["https:\/\/coopbysisters.com\/wp-content\/uploads\/2025\/05\/Jellaba_ronda_1-200x300.png",200,300,true],"medium_large":["https:\/\/coopbysisters.com\/wp-content\/uploads\/2025\/05\/Jellaba_ronda_1-768x1152.png",768,1152,true],"large":["https:\/\/coopbysisters.com\/wp-content\/uploads\/2025\/05\/Jellaba_ronda_1-683x1024.png",683,1024,true],"1536x1536":["https:\/\/coopbysisters.com\/wp-content\/uploads\/2025\/05\/Jellaba_ronda_1.png",1024,1536,false],"2048x2048":["https:\/\/coopbysisters.com\/wp-content\/uploads\/2025\/05\/Jellaba_ronda_1.png",1024,1536,false],"trp-custom-language-flag":["https:\/\/coopbysisters.com\/wp-content\/uploads\/2025\/05\/Jellaba_ronda_1-8x12.png",8,12,true],"woocommerce_thumbnail":["https:\/\/coopbysisters.com\/wp-content\/uploads\/2025\/05\/Jellaba_ronda_1-400x400.png",400,400,true],"woocommerce_single":["https:\/\/coopbysisters.com\/wp-content\/uploads\/2025\/05\/Jellaba_ronda_1-800x1200.png",800,1200,true],"woocommerce_gallery_thumbnail":["https:\/\/coopbysisters.com\/wp-content\/uploads\/2025\/05\/Jellaba_ronda_1-100x100.png",100,100,true]},"uagb_author_info":{"display_name":"","author_link":"https:\/\/coopbysisters.com\/ar\/author\/"},"uagb_comment_info":0,"uagb_excerpt":"Jellaba en mlifa \u00e9paisse, orn\u00e9e de randa, aakads traditionnels et broderie tarz rbati \u00e0 la main.","_links":{"self":[{"href":"https:\/\/coopbysisters.com\/ar\/wp-json\/wp\/v2\/product\/3163","targetHints":{"allow":["GET"]}}],"collection":[{"href":"https:\/\/coopbysisters.com\/ar\/wp-json\/wp\/v2\/product"}],"about":[{"href":"https:\/\/coopbysisters.com\/ar\/wp-json\/wp\/v2\/types\/product"}],"wp:featuredmedia":[{"embeddable":true,"href":"https:\/\/coopbysisters.com\/ar\/wp-json\/wp\/v2\/media\/3203"}],"wp:attachment":[{"href":"https:\/\/coopbysisters.com\/ar\/wp-json\/wp\/v2\/media?parent=3163"}],"wp:term":[{"taxonomy":"product_brand","embeddable":true,"href":"https:\/\/coopbysisters.com\/ar\/wp-json\/wp\/v2\/product_brand?post=3163"},{"taxonomy":"product_cat","embeddable":true,"href":"https:\/\/coopbysisters.com\/ar\/wp-json\/wp\/v2\/product_cat?post=3163"},{"taxonomy":"product_tag","embeddable":true,"href":"https:\/\/coopbysisters.com\/ar\/wp-json\/wp\/v2\/product_tag?post=3163"}],"curies":[{"name":"wp","href":"https:\/\/api.w.org\/{rel}","templated":true}]}}