{"id":3164,"date":"2025-05-09T01:49:33","date_gmt":"2025-05-09T01:49:33","guid":{"rendered":"https:\/\/coopbysisters.com\/product\/%d8%ac%d9%84%d8%a7%d8%a8%d8%a9-%d9%83%d8%b1%d9%8a%d8%a8-%d8%b2%d9%88%d8%a7%d9%82-%d8%a7%d9%84%d9%85%d8%b9%d9%84%d9%85\/"},"modified":"2025-05-09T04:04:51","modified_gmt":"2025-05-09T04:04:51","slug":"jellaba-crepe-zwaq-maallem","status":"publish","type":"product","link":"https:\/\/coopbysisters.com\/ar\/product\/jellaba-crepe-zwaq-maallem\/","title":{"rendered":"Jellaba en cr\u00eape \u2013 Finition traditionnelle"},"content":{"rendered":"","protected":false},"excerpt":{"rendered":"<p class=\"\" data-start=\"281\" data-end=\"361\">Cette jellaba est confectionn\u00e9e en <strong data-start=\"451\" data-end=\"477\">cr\u00eape fluide et opaque<\/strong>, id\u00e9ale pour un port quotidien ou des sorties \u00e9l\u00e9gantes.<br data-start=\"534\" data-end=\"537\" \/>Sa particularit\u00e9 r\u00e9side dans sa <strong data-start=\"569\" data-end=\"598\">finition \u201czwaq l\u2019maallem\u201d<\/strong>, une technique traditionnelle de d\u00e9coration appliqu\u00e9e \u00e0 la main par un artisan exp\u00e9riment\u00e9.<br data-start=\"690\" data-end=\"693\" \/>Les motifs sont travaill\u00e9s avec pr\u00e9cision sur le buste et les manches, conf\u00e9rant \u00e0 la pi\u00e8ce une allure <strong data-start=\"796\" data-end=\"837\">authentique, noble et sobre \u00e0 la fois<\/strong>.<br data-start=\"838\" data-end=\"841\" \/>Ce mod\u00e8le incarne \u00e0 la fois la <strong data-start=\"872\" data-end=\"911\">ma\u00eetrise des savoir-faire marocains<\/strong> et un <strong data-start=\"918\" data-end=\"939\">design intemporel<\/strong> qui valorise la simplicit\u00e9 raffin\u00e9e.<\/p>","protected":false},"featured_media":3205,"template":"","meta":{"_uag_custom_page_level_css":"","site-sidebar-layout":"default","site-content-layout":"","ast-site-content-layout":"default","site-content-style":"default","site-sidebar-style":"default","ast-global-header-display":"","ast-banner-title-visibility":"","ast-main-header-display":"","ast-hfb-above-header-display":"","ast-hfb-below-header-display":"","ast-hfb-mobile-header-display":"","site-post-title":"","ast-breadcrumbs-content":"","ast-featured-img":"","footer-sml-layout":"","theme-transparent-header-meta":"default","adv-header-id-meta":"","stick-header-meta":"","header-above-stick-meta":"","header-main-stick-meta":"","header-below-stick-meta":"","astra-migrate-meta-layouts":"set","ast-page-background-enabled":"default","ast-page-background-meta":{"desktop":{"background-color":"var(--ast-global-color-4)","background-image":"","background-repeat":"repeat","background-position":"center center","background-size":"auto","background-attachment":"scroll","background-type":"","background-media":"","overlay-type":"","overlay-color":"","overlay-opacity":"","overlay-gradient":""},"tablet":{"background-color":"","background-image":"","background-repeat":"repeat","background-position":"center center","background-size":"auto","background-attachment":"scroll","background-type":"","background-media":"","overlay-type":"","overlay-color":"","overlay-opacity":"","overlay-gradient":""},"mobile":{"background-color":"","background-image":"","background-repeat":"repeat","background-position":"center center","background-size":"auto","background-attachment":"scroll","background-type":"","background-media":"","overlay-type":"","overlay-color":"","overlay-opacity":"","overlay-gradient":""}},"ast-content-background-meta":{"desktop":{"background-color":"var(--ast-global-color-5)","background-image":"","background-repeat":"repeat","background-position":"center center","background-size":"auto","background-attachment":"scroll","background-type":"","background-media":"","overlay-type":"","overlay-color":"","overlay-opacity":"","overlay-gradient":""},"tablet":{"background-color":"var(--ast-global-color-5)","background-image":"","background-repeat":"repeat","background-position":"center center","background-size":"auto","background-attachment":"scroll","background-type":"","background-media":"","overlay-type":"","overlay-color":"","overlay-opacity":"","overlay-gradient":""},"mobile":{"background-color":"var(--ast-global-color-5)","background-image":"","background-repeat":"repeat","background-position":"center center","background-size":"auto","background-attachment":"scroll","background-type":"","background-media":"","overlay-type":"","overlay-color":"","overlay-opacity":"","overlay-gradient":""}}},"product_brand":[],"product_cat":[27],"product_tag":[35,42],"class_list":{"0":"post-3164","1":"product","2":"type-product","3":"status-publish","4":"has-post-thumbnail","6":"product_cat-jellabas","7":"product_tag-tissu-crepe","8":"product_tag-zwaq-lmaallem","9":"desktop-align-left","10":"tablet-align-left","11":"mobile-align-left","13":"first","14":"instock","15":"taxable","16":"shipping-taxable","17":"purchasable","18":"product-type-simple"},"aioseo_notices":[],"uagb_featured_image_src":{"full":["https:\/\/coopbysisters.com\/wp-content\/uploads\/2025\/05\/green_jellaba-2.png",1024,1536,false],"thumbnail":["https:\/\/coopbysisters.com\/wp-content\/uploads\/2025\/05\/green_jellaba-2-150x150.png",150,150,true],"medium":["https:\/\/coopbysisters.com\/wp-content\/uploads\/2025\/05\/green_jellaba-2-200x300.png",200,300,true],"medium_large":["https:\/\/coopbysisters.com\/wp-content\/uploads\/2025\/05\/green_jellaba-2-768x1152.png",768,1152,true],"large":["https:\/\/coopbysisters.com\/wp-content\/uploads\/2025\/05\/green_jellaba-2-683x1024.png",683,1024,true],"1536x1536":["https:\/\/coopbysisters.com\/wp-content\/uploads\/2025\/05\/green_jellaba-2.png",1024,1536,false],"2048x2048":["https:\/\/coopbysisters.com\/wp-content\/uploads\/2025\/05\/green_jellaba-2.png",1024,1536,false],"trp-custom-language-flag":["https:\/\/coopbysisters.com\/wp-content\/uploads\/2025\/05\/green_jellaba-2-8x12.png",8,12,true],"woocommerce_thumbnail":["https:\/\/coopbysisters.com\/wp-content\/uploads\/2025\/05\/green_jellaba-2-400x400.png",400,400,true],"woocommerce_single":["https:\/\/coopbysisters.com\/wp-content\/uploads\/2025\/05\/green_jellaba-2-800x1200.png",800,1200,true],"woocommerce_gallery_thumbnail":["https:\/\/coopbysisters.com\/wp-content\/uploads\/2025\/05\/green_jellaba-2-100x100.png",100,100,true]},"uagb_author_info":{"display_name":"","author_link":"https:\/\/coopbysisters.com\/ar\/author\/"},"uagb_comment_info":0,"uagb_excerpt":"Cette jellaba est confectionn\u00e9e en cr\u00eape fluide et opaque, id\u00e9ale pour un port quotidien ou des sorties \u00e9l\u00e9gantes.Sa particularit\u00e9 r\u00e9side dans sa finition \u201czwaq l\u2019maallem\u201d, une technique traditionnelle de d\u00e9coration appliqu\u00e9e \u00e0 la main par un artisan exp\u00e9riment\u00e9.Les motifs sont travaill\u00e9s avec pr\u00e9cision sur le buste et les manches, conf\u00e9rant \u00e0 la pi\u00e8ce une allure&hellip;","_links":{"self":[{"href":"https:\/\/coopbysisters.com\/ar\/wp-json\/wp\/v2\/product\/3164","targetHints":{"allow":["GET"]}}],"collection":[{"href":"https:\/\/coopbysisters.com\/ar\/wp-json\/wp\/v2\/product"}],"about":[{"href":"https:\/\/coopbysisters.com\/ar\/wp-json\/wp\/v2\/types\/product"}],"wp:featuredmedia":[{"embeddable":true,"href":"https:\/\/coopbysisters.com\/ar\/wp-json\/wp\/v2\/media\/3205"}],"wp:attachment":[{"href":"https:\/\/coopbysisters.com\/ar\/wp-json\/wp\/v2\/media?parent=3164"}],"wp:term":[{"taxonomy":"product_brand","embeddable":true,"href":"https:\/\/coopbysisters.com\/ar\/wp-json\/wp\/v2\/product_brand?post=3164"},{"taxonomy":"product_cat","embeddable":true,"href":"https:\/\/coopbysisters.com\/ar\/wp-json\/wp\/v2\/product_cat?post=3164"},{"taxonomy":"product_tag","embeddable":true,"href":"https:\/\/coopbysisters.com\/ar\/wp-json\/wp\/v2\/product_tag?post=3164"}],"curies":[{"name":"wp","href":"https:\/\/api.w.org\/{rel}","templated":true}]}}