{"id":3165,"date":"2025-05-09T01:49:33","date_gmt":"2025-05-09T01:49:33","guid":{"rendered":"https:\/\/coopbysisters.com\/product\/%d8%ac%d9%84%d8%a7%d8%a8%d8%a9-%d9%84%d9%88%d9%84%d8%a7%d9%86-%d8%b6%d9%81%d9%8a%d8%b1%d8%a9-%d9%88%d8%aa%d8%b1%d8%b3%d8%a7%d9%86-%d9%88%d8%b9%d9%82%d8%a7%d8%af\/"},"modified":"2025-05-09T04:09:34","modified_gmt":"2025-05-09T04:09:34","slug":"jellaba-lin-defira-terssan-aakads","status":"publish","type":"product","link":"https:\/\/coopbysisters.com\/ar\/product\/jellaba-lin-defira-terssan-aakads\/","title":{"rendered":"Jellaba en lin \u2013 Finitions defira fine, terssan d\u00e9licat et petits aakads"},"content":{"rendered":"<p class=\"\" data-start=\"553\" data-end=\"729\">Cette jellaba est r\u00e9alis\u00e9e en <strong data-start=\"583\" data-end=\"598\">lin naturel<\/strong>, un tissu respirant et structur\u00e9 qui conf\u00e8re au v\u00eatement une allure \u00e9l\u00e9gante et confortable.<br data-start=\"691\" data-end=\"694\" \/>Elle est finement travaill\u00e9e avec :<\/p>\n<ul data-start=\"730\" data-end=\"877\">\n<li class=\"\" data-start=\"730\" data-end=\"771\">\n<p class=\"\" data-start=\"732\" data-end=\"771\">une <strong data-start=\"736\" data-end=\"755\">defira discr\u00e8te<\/strong> (tressage fin),<\/p>\n<\/li>\n<li class=\"\" data-start=\"772\" data-end=\"820\">\n<p class=\"\" data-start=\"774\" data-end=\"820\">un <strong data-start=\"777\" data-end=\"794\">terssan l\u00e9ger<\/strong> courant le long du buste,<\/p>\n<\/li>\n<li class=\"\" data-start=\"821\" data-end=\"877\">\n<p class=\"\" data-start=\"823\" data-end=\"877\">et de <strong data-start=\"829\" data-end=\"860\">petits aakads traditionnels<\/strong> nou\u00e9s \u00e0 la main.<\/p>\n<\/li>\n<\/ul>\n<p class=\"\" data-start=\"879\" data-end=\"1058\">Chaque d\u00e9tail a \u00e9t\u00e9 pens\u00e9 pour offrir un rendu <strong data-start=\"926\" data-end=\"957\">sobre, d\u00e9licat et artisanal<\/strong>, fid\u00e8le \u00e0 l\u2019esth\u00e9tique du v\u00eatement marocain classique, dans une version adapt\u00e9e aux saisons chaudes.<\/p>","protected":false},"excerpt":{"rendered":"<p class=\"\" data-start=\"414\" data-end=\"498\">Jellaba en lin naturel d\u00e9cor\u00e9e avec finesse de defira, terssan et aakads artisanaux.<\/p>","protected":false},"featured_media":3206,"template":"","meta":{"_uag_custom_page_level_css":"","site-sidebar-layout":"default","site-content-layout":"","ast-site-content-layout":"default","site-content-style":"default","site-sidebar-style":"default","ast-global-header-display":"","ast-banner-title-visibility":"","ast-main-header-display":"","ast-hfb-above-header-display":"","ast-hfb-below-header-display":"","ast-hfb-mobile-header-display":"","site-post-title":"","ast-breadcrumbs-content":"","ast-featured-img":"","footer-sml-layout":"","theme-transparent-header-meta":"default","adv-header-id-meta":"","stick-header-meta":"","header-above-stick-meta":"","header-main-stick-meta":"","header-below-stick-meta":"","astra-migrate-meta-layouts":"set","ast-page-background-enabled":"default","ast-page-background-meta":{"desktop":{"background-color":"var(--ast-global-color-4)","background-image":"","background-repeat":"repeat","background-position":"center center","background-size":"auto","background-attachment":"scroll","background-type":"","background-media":"","overlay-type":"","overlay-color":"","overlay-opacity":"","overlay-gradient":""},"tablet":{"background-color":"","background-image":"","background-repeat":"repeat","background-position":"center center","background-size":"auto","background-attachment":"scroll","background-type":"","background-media":"","overlay-type":"","overlay-color":"","overlay-opacity":"","overlay-gradient":""},"mobile":{"background-color":"","background-image":"","background-repeat":"repeat","background-position":"center center","background-size":"auto","background-attachment":"scroll","background-type":"","background-media":"","overlay-type":"","overlay-color":"","overlay-opacity":"","overlay-gradient":""}},"ast-content-background-meta":{"desktop":{"background-color":"var(--ast-global-color-5)","background-image":"","background-repeat":"repeat","background-position":"center center","background-size":"auto","background-attachment":"scroll","background-type":"","background-media":"","overlay-type":"","overlay-color":"","overlay-opacity":"","overlay-gradient":""},"tablet":{"background-color":"var(--ast-global-color-5)","background-image":"","background-repeat":"repeat","background-position":"center center","background-size":"auto","background-attachment":"scroll","background-type":"","background-media":"","overlay-type":"","overlay-color":"","overlay-opacity":"","overlay-gradient":""},"mobile":{"background-color":"var(--ast-global-color-5)","background-image":"","background-repeat":"repeat","background-position":"center center","background-size":"auto","background-attachment":"scroll","background-type":"","background-media":"","overlay-type":"","overlay-color":"","overlay-opacity":"","overlay-gradient":""}}},"product_brand":[],"product_cat":[27],"product_tag":[41,39,43],"class_list":{"0":"post-3165","1":"product","2":"type-product","3":"status-publish","4":"has-post-thumbnail","6":"product_cat-jellabas","7":"product_tag-grande-taille","8":"product_tag-style-traditionnel","9":"product_tag-tissu-lin","10":"desktop-align-left","11":"tablet-align-left","12":"mobile-align-left","14":"first","15":"instock","16":"taxable","17":"shipping-taxable","18":"purchasable","19":"product-type-simple"},"aioseo_notices":[],"uagb_featured_image_src":{"full":["https:\/\/coopbysisters.com\/wp-content\/uploads\/2025\/05\/Lin-2.png",1024,1536,false],"thumbnail":["https:\/\/coopbysisters.com\/wp-content\/uploads\/2025\/05\/Lin-2-150x150.png",150,150,true],"medium":["https:\/\/coopbysisters.com\/wp-content\/uploads\/2025\/05\/Lin-2-200x300.png",200,300,true],"medium_large":["https:\/\/coopbysisters.com\/wp-content\/uploads\/2025\/05\/Lin-2-768x1152.png",768,1152,true],"large":["https:\/\/coopbysisters.com\/wp-content\/uploads\/2025\/05\/Lin-2-683x1024.png",683,1024,true],"1536x1536":["https:\/\/coopbysisters.com\/wp-content\/uploads\/2025\/05\/Lin-2.png",1024,1536,false],"2048x2048":["https:\/\/coopbysisters.com\/wp-content\/uploads\/2025\/05\/Lin-2.png",1024,1536,false],"trp-custom-language-flag":["https:\/\/coopbysisters.com\/wp-content\/uploads\/2025\/05\/Lin-2-8x12.png",8,12,true],"woocommerce_thumbnail":["https:\/\/coopbysisters.com\/wp-content\/uploads\/2025\/05\/Lin-2-400x400.png",400,400,true],"woocommerce_single":["https:\/\/coopbysisters.com\/wp-content\/uploads\/2025\/05\/Lin-2-800x1200.png",800,1200,true],"woocommerce_gallery_thumbnail":["https:\/\/coopbysisters.com\/wp-content\/uploads\/2025\/05\/Lin-2-100x100.png",100,100,true]},"uagb_author_info":{"display_name":"","author_link":"https:\/\/coopbysisters.com\/ar\/author\/"},"uagb_comment_info":0,"uagb_excerpt":"Jellaba en lin naturel d\u00e9cor\u00e9e avec finesse de defira, terssan et aakads artisanaux.","_links":{"self":[{"href":"https:\/\/coopbysisters.com\/ar\/wp-json\/wp\/v2\/product\/3165","targetHints":{"allow":["GET"]}}],"collection":[{"href":"https:\/\/coopbysisters.com\/ar\/wp-json\/wp\/v2\/product"}],"about":[{"href":"https:\/\/coopbysisters.com\/ar\/wp-json\/wp\/v2\/types\/product"}],"wp:featuredmedia":[{"embeddable":true,"href":"https:\/\/coopbysisters.com\/ar\/wp-json\/wp\/v2\/media\/3206"}],"wp:attachment":[{"href":"https:\/\/coopbysisters.com\/ar\/wp-json\/wp\/v2\/media?parent=3165"}],"wp:term":[{"taxonomy":"product_brand","embeddable":true,"href":"https:\/\/coopbysisters.com\/ar\/wp-json\/wp\/v2\/product_brand?post=3165"},{"taxonomy":"product_cat","embeddable":true,"href":"https:\/\/coopbysisters.com\/ar\/wp-json\/wp\/v2\/product_cat?post=3165"},{"taxonomy":"product_tag","embeddable":true,"href":"https:\/\/coopbysisters.com\/ar\/wp-json\/wp\/v2\/product_tag?post=3165"}],"curies":[{"name":"wp","href":"https:\/\/api.w.org\/{rel}","templated":true}]}}