{"id":3167,"date":"2025-05-09T01:49:33","date_gmt":"2025-05-09T01:49:33","guid":{"rendered":"https:\/\/coopbysisters.com\/product\/%d8%ac%d9%84%d8%a7%d8%a8%d8%a9-%d9%83%d8%b1%d9%8a%d8%a8-%d8%aa%d8%b1%d8%b5%d8%a7%d9%86-%d9%88%d8%b2%d9%88%d8%a7%d9%82-%d9%82%d8%b7%d9%8a%d8%a8\/"},"modified":"2025-05-09T04:37:43","modified_gmt":"2025-05-09T04:37:43","slug":"jellaba-crepe-terssan-zwaq-qtib","status":"publish","type":"product","link":"https:\/\/coopbysisters.com\/ar\/product\/jellaba-crepe-terssan-zwaq-qtib\/","title":{"rendered":"Jellaba en cr\u00eape brod\u00e9e \u2013 Finitions terssan et zwaq qatib sur manches"},"content":{"rendered":"<p>Cette jellaba en <strong data-start=\"658\" data-end=\"674\">cr\u00eape fluide<\/strong> est con\u00e7ue pour allier <strong data-start=\"698\" data-end=\"725\">l\u00e9g\u00e8ret\u00e9 et distinction<\/strong>.<br data-start=\"726\" data-end=\"729\" \/>Elle se caract\u00e9rise par une finition <strong data-start=\"766\" data-end=\"788\">terssan artisanale<\/strong> sur le devant, ainsi qu\u2019un <strong data-start=\"816\" data-end=\"829\">zwaq qatib<\/strong> raffin\u00e9 brod\u00e9 sur les manches.<br data-start=\"860\" data-end=\"863\" \/>Les ornements sont pens\u00e9s pour souligner la structure du v\u00eatement tout en conservant une sobri\u00e9t\u00e9 \u00e9l\u00e9gante.<br data-start=\"970\" data-end=\"973\" \/>C\u2019est une pi\u00e8ce id\u00e9ale pour les femmes recherchant une tenue <strong data-start=\"1034\" data-end=\"1110\">simple, soign\u00e9e et inspir\u00e9e des codes du v\u00eatement traditionnel marocain.<\/strong><\/p>","protected":false},"excerpt":{"rendered":"<p class=\"\" data-start=\"499\" data-end=\"586\">Jellaba \u00e9l\u00e9gante en cr\u00eape d\u00e9cor\u00e9e de terssan et zwaq qatib brod\u00e9s au niveau des manches.<\/p>","protected":false},"featured_media":3215,"template":"","meta":{"_uag_custom_page_level_css":"","site-sidebar-layout":"default","site-content-layout":"","ast-site-content-layout":"default","site-content-style":"default","site-sidebar-style":"default","ast-global-header-display":"","ast-banner-title-visibility":"","ast-main-header-display":"","ast-hfb-above-header-display":"","ast-hfb-below-header-display":"","ast-hfb-mobile-header-display":"","site-post-title":"","ast-breadcrumbs-content":"","ast-featured-img":"","footer-sml-layout":"","theme-transparent-header-meta":"default","adv-header-id-meta":"","stick-header-meta":"","header-above-stick-meta":"","header-main-stick-meta":"","header-below-stick-meta":"","astra-migrate-meta-layouts":"set","ast-page-background-enabled":"default","ast-page-background-meta":{"desktop":{"background-color":"var(--ast-global-color-4)","background-image":"","background-repeat":"repeat","background-position":"center center","background-size":"auto","background-attachment":"scroll","background-type":"","background-media":"","overlay-type":"","overlay-color":"","overlay-opacity":"","overlay-gradient":""},"tablet":{"background-color":"","background-image":"","background-repeat":"repeat","background-position":"center center","background-size":"auto","background-attachment":"scroll","background-type":"","background-media":"","overlay-type":"","overlay-color":"","overlay-opacity":"","overlay-gradient":""},"mobile":{"background-color":"","background-image":"","background-repeat":"repeat","background-position":"center center","background-size":"auto","background-attachment":"scroll","background-type":"","background-media":"","overlay-type":"","overlay-color":"","overlay-opacity":"","overlay-gradient":""}},"ast-content-background-meta":{"desktop":{"background-color":"var(--ast-global-color-5)","background-image":"","background-repeat":"repeat","background-position":"center center","background-size":"auto","background-attachment":"scroll","background-type":"","background-media":"","overlay-type":"","overlay-color":"","overlay-opacity":"","overlay-gradient":""},"tablet":{"background-color":"var(--ast-global-color-5)","background-image":"","background-repeat":"repeat","background-position":"center center","background-size":"auto","background-attachment":"scroll","background-type":"","background-media":"","overlay-type":"","overlay-color":"","overlay-opacity":"","overlay-gradient":""},"mobile":{"background-color":"var(--ast-global-color-5)","background-image":"","background-repeat":"repeat","background-position":"center center","background-size":"auto","background-attachment":"scroll","background-type":"","background-media":"","overlay-type":"","overlay-color":"","overlay-opacity":"","overlay-gradient":""}}},"product_brand":[],"product_cat":[27],"product_tag":[29,41,35],"class_list":{"0":"post-3167","1":"product","2":"type-product","3":"status-publish","4":"has-post-thumbnail","6":"product_cat-jellabas","7":"product_tag-fait-main","8":"product_tag-grande-taille","9":"product_tag-tissu-crepe","10":"desktop-align-left","11":"tablet-align-left","12":"mobile-align-left","14":"first","15":"instock","16":"taxable","17":"shipping-taxable","18":"purchasable","19":"product-type-simple"},"aioseo_notices":[],"uagb_featured_image_src":{"full":["https:\/\/coopbysisters.com\/wp-content\/uploads\/2025\/05\/ChatGPT-Image-9-mai-2025-05_32_29.png",1024,1536,false],"thumbnail":["https:\/\/coopbysisters.com\/wp-content\/uploads\/2025\/05\/ChatGPT-Image-9-mai-2025-05_32_29-150x150.png",150,150,true],"medium":["https:\/\/coopbysisters.com\/wp-content\/uploads\/2025\/05\/ChatGPT-Image-9-mai-2025-05_32_29-200x300.png",200,300,true],"medium_large":["https:\/\/coopbysisters.com\/wp-content\/uploads\/2025\/05\/ChatGPT-Image-9-mai-2025-05_32_29-768x1152.png",768,1152,true],"large":["https:\/\/coopbysisters.com\/wp-content\/uploads\/2025\/05\/ChatGPT-Image-9-mai-2025-05_32_29-683x1024.png",683,1024,true],"1536x1536":["https:\/\/coopbysisters.com\/wp-content\/uploads\/2025\/05\/ChatGPT-Image-9-mai-2025-05_32_29.png",1024,1536,false],"2048x2048":["https:\/\/coopbysisters.com\/wp-content\/uploads\/2025\/05\/ChatGPT-Image-9-mai-2025-05_32_29.png",1024,1536,false],"trp-custom-language-flag":["https:\/\/coopbysisters.com\/wp-content\/uploads\/2025\/05\/ChatGPT-Image-9-mai-2025-05_32_29-8x12.png",8,12,true],"woocommerce_thumbnail":["https:\/\/coopbysisters.com\/wp-content\/uploads\/2025\/05\/ChatGPT-Image-9-mai-2025-05_32_29-400x400.png",400,400,true],"woocommerce_single":["https:\/\/coopbysisters.com\/wp-content\/uploads\/2025\/05\/ChatGPT-Image-9-mai-2025-05_32_29-800x1200.png",800,1200,true],"woocommerce_gallery_thumbnail":["https:\/\/coopbysisters.com\/wp-content\/uploads\/2025\/05\/ChatGPT-Image-9-mai-2025-05_32_29-100x100.png",100,100,true]},"uagb_author_info":{"display_name":"","author_link":"https:\/\/coopbysisters.com\/ar\/author\/"},"uagb_comment_info":0,"uagb_excerpt":"Jellaba \u00e9l\u00e9gante en cr\u00eape d\u00e9cor\u00e9e de terssan et zwaq qatib brod\u00e9s au niveau des manches.","_links":{"self":[{"href":"https:\/\/coopbysisters.com\/ar\/wp-json\/wp\/v2\/product\/3167","targetHints":{"allow":["GET"]}}],"collection":[{"href":"https:\/\/coopbysisters.com\/ar\/wp-json\/wp\/v2\/product"}],"about":[{"href":"https:\/\/coopbysisters.com\/ar\/wp-json\/wp\/v2\/types\/product"}],"wp:featuredmedia":[{"embeddable":true,"href":"https:\/\/coopbysisters.com\/ar\/wp-json\/wp\/v2\/media\/3215"}],"wp:attachment":[{"href":"https:\/\/coopbysisters.com\/ar\/wp-json\/wp\/v2\/media?parent=3167"}],"wp:term":[{"taxonomy":"product_brand","embeddable":true,"href":"https:\/\/coopbysisters.com\/ar\/wp-json\/wp\/v2\/product_brand?post=3167"},{"taxonomy":"product_cat","embeddable":true,"href":"https:\/\/coopbysisters.com\/ar\/wp-json\/wp\/v2\/product_cat?post=3167"},{"taxonomy":"product_tag","embeddable":true,"href":"https:\/\/coopbysisters.com\/ar\/wp-json\/wp\/v2\/product_tag?post=3167"}],"curies":[{"name":"wp","href":"https:\/\/api.w.org\/{rel}","templated":true}]}}