{"id":3169,"date":"2025-05-09T01:49:33","date_gmt":"2025-05-09T01:49:33","guid":{"rendered":"https:\/\/coopbysisters.com\/product\/%d8%ac%d9%84%d8%a7%d8%a8%d8%a9-%d8%b6%d9%81%d9%8a%d8%b1%d8%a9-%d8%aa%d8%b1%d8%b5%d8%a7%d9%86-%d8%b9%d9%82%d8%a7%d8%af-%d9%88%d9%85%d8%b3%d9%88%d8%b3\/"},"modified":"2025-05-10T19:18:10","modified_gmt":"2025-05-10T19:18:10","slug":"jellaba-crepe-defira-terssan-aakads","status":"publish","type":"product","link":"https:\/\/coopbysisters.com\/ar\/product\/jellaba-crepe-defira-terssan-aakads\/","title":{"rendered":"Jellaba en cr\u00eape aux finitions artisanales \u2013 Defira, terssan et broderies sur manches"},"content":{"rendered":"<p class=\"\" data-start=\"481\" data-end=\"672\">Cette jellaba est confectionn\u00e9e en <strong data-start=\"516\" data-end=\"542\">cr\u00eape fluide et opaque<\/strong>, parfaite pour une tenue distingu\u00e9e au quotidien ou lors de visites formelles.<br data-start=\"621\" data-end=\"624\" \/>Elle se distingue par sa richesse en finitions :<\/p>\n<ul data-start=\"673\" data-end=\"905\">\n<li class=\"\" data-start=\"673\" data-end=\"712\">\n<p class=\"\" data-start=\"675\" data-end=\"712\"><strong data-start=\"675\" data-end=\"691\">khit defira <\/strong>(cordonnet torsad\u00e9),<\/p>\n<\/li>\n<li class=\"\" data-start=\"713\" data-end=\"769\">\n<p class=\"\" data-start=\"715\" data-end=\"769\"><strong data-start=\"715\" data-end=\"729\">terssan fin<\/strong> positionn\u00e9 sur les bordures verticales,<\/p>\n<\/li>\n<li class=\"\" data-start=\"770\" data-end=\"834\">\n<p class=\"\" data-start=\"772\" data-end=\"834\"><strong data-start=\"772\" data-end=\"796\">aakads traditionnels<\/strong> (boutons d\u00e9coratifs nou\u00e9s \u00e0 la main),<\/p>\n<\/li>\n<li class=\"\" data-start=\"835\" data-end=\"905\">\n<p class=\"\" data-start=\"837\" data-end=\"905\">et une <strong data-start=\"844\" data-end=\"865\">sfifa moussaoussa<\/strong> d\u00e9licatement appliqu\u00e9e sur les manches.<\/p>\n<\/li>\n<\/ul>\n<p class=\"\" data-start=\"907\" data-end=\"1056\">Ce m\u00e9lange subtil de d\u00e9tails artisanaux donne \u00e0 la pi\u00e8ce une <strong data-start=\"968\" data-end=\"991\">profondeur visuelle<\/strong> sans surcharge, tout en valorisant le <strong data-start=\"1030\" data-end=\"1055\">savoir-faire marocain<\/strong>.<\/p>","protected":false},"excerpt":{"rendered":"<p class=\"\" data-start=\"343\" data-end=\"426\">Jellaba en cr\u00eape orn\u00e9e de defira, terssan, aakads et sfifa aux manches.<\/p>","protected":false},"featured_media":3278,"template":"","meta":{"_uag_custom_page_level_css":"","site-sidebar-layout":"default","site-content-layout":"","ast-site-content-layout":"default","site-content-style":"default","site-sidebar-style":"default","ast-global-header-display":"","ast-banner-title-visibility":"","ast-main-header-display":"","ast-hfb-above-header-display":"","ast-hfb-below-header-display":"","ast-hfb-mobile-header-display":"","site-post-title":"","ast-breadcrumbs-content":"","ast-featured-img":"","footer-sml-layout":"","theme-transparent-header-meta":"default","adv-header-id-meta":"","stick-header-meta":"","header-above-stick-meta":"","header-main-stick-meta":"","header-below-stick-meta":"","astra-migrate-meta-layouts":"set","ast-page-background-enabled":"default","ast-page-background-meta":{"desktop":{"background-color":"var(--ast-global-color-4)","background-image":"","background-repeat":"repeat","background-position":"center center","background-size":"auto","background-attachment":"scroll","background-type":"","background-media":"","overlay-type":"","overlay-color":"","overlay-opacity":"","overlay-gradient":""},"tablet":{"background-color":"","background-image":"","background-repeat":"repeat","background-position":"center center","background-size":"auto","background-attachment":"scroll","background-type":"","background-media":"","overlay-type":"","overlay-color":"","overlay-opacity":"","overlay-gradient":""},"mobile":{"background-color":"","background-image":"","background-repeat":"repeat","background-position":"center center","background-size":"auto","background-attachment":"scroll","background-type":"","background-media":"","overlay-type":"","overlay-color":"","overlay-opacity":"","overlay-gradient":""}},"ast-content-background-meta":{"desktop":{"background-color":"var(--ast-global-color-5)","background-image":"","background-repeat":"repeat","background-position":"center center","background-size":"auto","background-attachment":"scroll","background-type":"","background-media":"","overlay-type":"","overlay-color":"","overlay-opacity":"","overlay-gradient":""},"tablet":{"background-color":"var(--ast-global-color-5)","background-image":"","background-repeat":"repeat","background-position":"center center","background-size":"auto","background-attachment":"scroll","background-type":"","background-media":"","overlay-type":"","overlay-color":"","overlay-opacity":"","overlay-gradient":""},"mobile":{"background-color":"var(--ast-global-color-5)","background-image":"","background-repeat":"repeat","background-position":"center center","background-size":"auto","background-attachment":"scroll","background-type":"","background-media":"","overlay-type":"","overlay-color":"","overlay-opacity":"","overlay-gradient":""}}},"product_brand":[],"product_cat":[27],"product_tag":[41,39,35],"class_list":{"0":"post-3169","1":"product","2":"type-product","3":"status-publish","4":"has-post-thumbnail","6":"product_cat-jellabas","7":"product_tag-grande-taille","8":"product_tag-style-traditionnel","9":"product_tag-tissu-crepe","10":"desktop-align-left","11":"tablet-align-left","12":"mobile-align-left","14":"first","15":"instock","16":"taxable","17":"shipping-taxable","18":"purchasable","19":"product-type-simple"},"aioseo_notices":[],"uagb_featured_image_src":{"full":["https:\/\/coopbysisters.com\/wp-content\/uploads\/2025\/05\/mint-green-2.png",1024,1536,false],"thumbnail":["https:\/\/coopbysisters.com\/wp-content\/uploads\/2025\/05\/mint-green-2-150x150.png",150,150,true],"medium":["https:\/\/coopbysisters.com\/wp-content\/uploads\/2025\/05\/mint-green-2-200x300.png",200,300,true],"medium_large":["https:\/\/coopbysisters.com\/wp-content\/uploads\/2025\/05\/mint-green-2-768x1152.png",768,1152,true],"large":["https:\/\/coopbysisters.com\/wp-content\/uploads\/2025\/05\/mint-green-2-683x1024.png",683,1024,true],"1536x1536":["https:\/\/coopbysisters.com\/wp-content\/uploads\/2025\/05\/mint-green-2.png",1024,1536,false],"2048x2048":["https:\/\/coopbysisters.com\/wp-content\/uploads\/2025\/05\/mint-green-2.png",1024,1536,false],"trp-custom-language-flag":["https:\/\/coopbysisters.com\/wp-content\/uploads\/2025\/05\/mint-green-2-8x12.png",8,12,true],"woocommerce_thumbnail":["https:\/\/coopbysisters.com\/wp-content\/uploads\/2025\/05\/mint-green-2-400x400.png",400,400,true],"woocommerce_single":["https:\/\/coopbysisters.com\/wp-content\/uploads\/2025\/05\/mint-green-2-800x1200.png",800,1200,true],"woocommerce_gallery_thumbnail":["https:\/\/coopbysisters.com\/wp-content\/uploads\/2025\/05\/mint-green-2-100x100.png",100,100,true]},"uagb_author_info":{"display_name":"","author_link":"https:\/\/coopbysisters.com\/ar\/author\/"},"uagb_comment_info":0,"uagb_excerpt":"Jellaba en cr\u00eape orn\u00e9e de defira, terssan, aakads et sfifa aux manches.","_links":{"self":[{"href":"https:\/\/coopbysisters.com\/ar\/wp-json\/wp\/v2\/product\/3169","targetHints":{"allow":["GET"]}}],"collection":[{"href":"https:\/\/coopbysisters.com\/ar\/wp-json\/wp\/v2\/product"}],"about":[{"href":"https:\/\/coopbysisters.com\/ar\/wp-json\/wp\/v2\/types\/product"}],"wp:featuredmedia":[{"embeddable":true,"href":"https:\/\/coopbysisters.com\/ar\/wp-json\/wp\/v2\/media\/3278"}],"wp:attachment":[{"href":"https:\/\/coopbysisters.com\/ar\/wp-json\/wp\/v2\/media?parent=3169"}],"wp:term":[{"taxonomy":"product_brand","embeddable":true,"href":"https:\/\/coopbysisters.com\/ar\/wp-json\/wp\/v2\/product_brand?post=3169"},{"taxonomy":"product_cat","embeddable":true,"href":"https:\/\/coopbysisters.com\/ar\/wp-json\/wp\/v2\/product_cat?post=3169"},{"taxonomy":"product_tag","embeddable":true,"href":"https:\/\/coopbysisters.com\/ar\/wp-json\/wp\/v2\/product_tag?post=3169"}],"curies":[{"name":"wp","href":"https:\/\/api.w.org\/{rel}","templated":true}]}}