{"id":3170,"date":"2025-05-09T01:49:33","date_gmt":"2025-05-09T01:49:33","guid":{"rendered":"https:\/\/coopbysisters.com\/product\/%d8%ac%d9%84%d8%a7%d8%a8%d8%a9-%d8%ac%d9%8a%d9%86-%d8%b1%d8%a7%d9%86%d8%af%d8%a9-%d9%88%d8%b7%d8%b1%d8%b2-%d8%b1%d8%a8%d8%a7%d8%b7%d9%8a\/"},"modified":"2025-05-10T19:28:42","modified_gmt":"2025-05-10T19:28:42","slug":"jellaba-jim-randa-tarz-rbati","status":"publish","type":"product","link":"https:\/\/coopbysisters.com\/ar\/product\/jellaba-jim-randa-tarz-rbati\/","title":{"rendered":"Jellaba en tissu Jim brod\u00e9e main \u2013 Randa double ligne et tarz rbati"},"content":{"rendered":"<p class=\"\" data-start=\"363\" data-end=\"442\">Con\u00e7ue dans un <strong data-start=\"512\" data-end=\"525\">tissu Jim<\/strong> fluide et l\u00e9g\u00e8rement brillant, cette jellaba incarne l\u2019\u00e9l\u00e9gance traditionnelle avec une finition artisanale minutieuse.<br data-start=\"645\" data-end=\"648\" \/>Elle est orn\u00e9e d\u2019une <strong data-start=\"669\" data-end=\"694\">double ligne de randa<\/strong> (\u062c\u0648\u062c \u0634\u0639\u0631\u0627\u062a) soigneusement tiss\u00e9e sur les bordures, et d\u2019une <strong data-start=\"755\" data-end=\"778\">broderie tarz rbati<\/strong> manuelle positionn\u00e9e au niveau du buste et des manches.<br data-start=\"834\" data-end=\"837\" \/>Le rendu final est \u00e0 la fois <strong data-start=\"866\" data-end=\"896\">\u00e9l\u00e9gant, subtil et affirm\u00e9<\/strong>, id\u00e9al pour une femme en qu\u00eate de <strong data-start=\"931\" data-end=\"954\">raffinement discret<\/strong> inspir\u00e9 de l\u2019h\u00e9ritage marocain.<\/p>","protected":false},"excerpt":{"rendered":"<p class=\"\" data-start=\"363\" data-end=\"442\">Jellaba \u00e9l\u00e9gante en tissu Jim brod\u00e9e \u00e0 la main avec double randa et tarz rbati.<\/p>","protected":false},"featured_media":3281,"template":"","meta":{"_uag_custom_page_level_css":"","site-sidebar-layout":"default","site-content-layout":"","ast-site-content-layout":"default","site-content-style":"default","site-sidebar-style":"default","ast-global-header-display":"","ast-banner-title-visibility":"","ast-main-header-display":"","ast-hfb-above-header-display":"","ast-hfb-below-header-display":"","ast-hfb-mobile-header-display":"","site-post-title":"","ast-breadcrumbs-content":"","ast-featured-img":"","footer-sml-layout":"","theme-transparent-header-meta":"default","adv-header-id-meta":"","stick-header-meta":"","header-above-stick-meta":"","header-main-stick-meta":"","header-below-stick-meta":"","astra-migrate-meta-layouts":"set","ast-page-background-enabled":"default","ast-page-background-meta":{"desktop":{"background-color":"var(--ast-global-color-4)","background-image":"","background-repeat":"repeat","background-position":"center center","background-size":"auto","background-attachment":"scroll","background-type":"","background-media":"","overlay-type":"","overlay-color":"","overlay-opacity":"","overlay-gradient":""},"tablet":{"background-color":"","background-image":"","background-repeat":"repeat","background-position":"center center","background-size":"auto","background-attachment":"scroll","background-type":"","background-media":"","overlay-type":"","overlay-color":"","overlay-opacity":"","overlay-gradient":""},"mobile":{"background-color":"","background-image":"","background-repeat":"repeat","background-position":"center center","background-size":"auto","background-attachment":"scroll","background-type":"","background-media":"","overlay-type":"","overlay-color":"","overlay-opacity":"","overlay-gradient":""}},"ast-content-background-meta":{"desktop":{"background-color":"var(--ast-global-color-5)","background-image":"","background-repeat":"repeat","background-position":"center center","background-size":"auto","background-attachment":"scroll","background-type":"","background-media":"","overlay-type":"","overlay-color":"","overlay-opacity":"","overlay-gradient":""},"tablet":{"background-color":"var(--ast-global-color-5)","background-image":"","background-repeat":"repeat","background-position":"center center","background-size":"auto","background-attachment":"scroll","background-type":"","background-media":"","overlay-type":"","overlay-color":"","overlay-opacity":"","overlay-gradient":""},"mobile":{"background-color":"var(--ast-global-color-5)","background-image":"","background-repeat":"repeat","background-position":"center center","background-size":"auto","background-attachment":"scroll","background-type":"","background-media":"","overlay-type":"","overlay-color":"","overlay-opacity":"","overlay-gradient":""}}},"product_brand":[],"product_cat":[27],"product_tag":[29,40,44],"class_list":{"0":"post-3170","1":"product","2":"type-product","3":"status-publish","4":"has-post-thumbnail","6":"product_cat-jellabas","7":"product_tag-fait-main","8":"product_tag-tarz-rbati","9":"product_tag-tissu-jim","10":"desktop-align-left","11":"tablet-align-left","12":"mobile-align-left","14":"first","15":"instock","16":"taxable","17":"shipping-taxable","18":"purchasable","19":"product-type-simple"},"aioseo_notices":[],"uagb_featured_image_src":{"full":["https:\/\/coopbysisters.com\/wp-content\/uploads\/2025\/05\/ronda-2.png",1024,1536,false],"thumbnail":["https:\/\/coopbysisters.com\/wp-content\/uploads\/2025\/05\/ronda-2-150x150.png",150,150,true],"medium":["https:\/\/coopbysisters.com\/wp-content\/uploads\/2025\/05\/ronda-2-200x300.png",200,300,true],"medium_large":["https:\/\/coopbysisters.com\/wp-content\/uploads\/2025\/05\/ronda-2-768x1152.png",768,1152,true],"large":["https:\/\/coopbysisters.com\/wp-content\/uploads\/2025\/05\/ronda-2-683x1024.png",683,1024,true],"1536x1536":["https:\/\/coopbysisters.com\/wp-content\/uploads\/2025\/05\/ronda-2.png",1024,1536,false],"2048x2048":["https:\/\/coopbysisters.com\/wp-content\/uploads\/2025\/05\/ronda-2.png",1024,1536,false],"trp-custom-language-flag":["https:\/\/coopbysisters.com\/wp-content\/uploads\/2025\/05\/ronda-2-8x12.png",8,12,true],"woocommerce_thumbnail":["https:\/\/coopbysisters.com\/wp-content\/uploads\/2025\/05\/ronda-2-400x400.png",400,400,true],"woocommerce_single":["https:\/\/coopbysisters.com\/wp-content\/uploads\/2025\/05\/ronda-2-800x1200.png",800,1200,true],"woocommerce_gallery_thumbnail":["https:\/\/coopbysisters.com\/wp-content\/uploads\/2025\/05\/ronda-2-100x100.png",100,100,true]},"uagb_author_info":{"display_name":"","author_link":"https:\/\/coopbysisters.com\/ar\/author\/"},"uagb_comment_info":0,"uagb_excerpt":"Jellaba \u00e9l\u00e9gante en tissu Jim brod\u00e9e \u00e0 la main avec double randa et tarz rbati.","_links":{"self":[{"href":"https:\/\/coopbysisters.com\/ar\/wp-json\/wp\/v2\/product\/3170","targetHints":{"allow":["GET"]}}],"collection":[{"href":"https:\/\/coopbysisters.com\/ar\/wp-json\/wp\/v2\/product"}],"about":[{"href":"https:\/\/coopbysisters.com\/ar\/wp-json\/wp\/v2\/types\/product"}],"wp:featuredmedia":[{"embeddable":true,"href":"https:\/\/coopbysisters.com\/ar\/wp-json\/wp\/v2\/media\/3281"}],"wp:attachment":[{"href":"https:\/\/coopbysisters.com\/ar\/wp-json\/wp\/v2\/media?parent=3170"}],"wp:term":[{"taxonomy":"product_brand","embeddable":true,"href":"https:\/\/coopbysisters.com\/ar\/wp-json\/wp\/v2\/product_brand?post=3170"},{"taxonomy":"product_cat","embeddable":true,"href":"https:\/\/coopbysisters.com\/ar\/wp-json\/wp\/v2\/product_cat?post=3170"},{"taxonomy":"product_tag","embeddable":true,"href":"https:\/\/coopbysisters.com\/ar\/wp-json\/wp\/v2\/product_tag?post=3170"}],"curies":[{"name":"wp","href":"https:\/\/api.w.org\/{rel}","templated":true}]}}