{"id":3171,"date":"2025-05-09T01:49:33","date_gmt":"2025-05-09T01:49:33","guid":{"rendered":"https:\/\/coopbysisters.com\/product\/%d8%ac%d9%84%d8%a7%d8%a8%d8%a9-%d9%83%d8%b1%d9%8a%d8%a8-%d8%b2%d9%88%d8%a7%d9%82-%d8%a7%d9%84%d8%b0%d8%a8%d8%a7%d9%86%d8%a9\/"},"modified":"2025-05-10T19:32:51","modified_gmt":"2025-05-10T19:32:51","slug":"jellaba-crepe-zwaq-debana","status":"publish","type":"product","link":"https:\/\/coopbysisters.com\/ar\/product\/jellaba-crepe-zwaq-debana\/","title":{"rendered":"Jellaba en cr\u00eape avec broderie \u201cdebana\u201d \u2013 Style raffin\u00e9"},"content":{"rendered":"<p>Cette jellaba est confectionn\u00e9e en <strong data-start=\"483\" data-end=\"499\">cr\u00eape fluide<\/strong>, id\u00e9al pour une tenue \u00e9l\u00e9gante au quotidien ou en r\u00e9ception.<br data-start=\"560\" data-end=\"563\" \/>Elle est sublim\u00e9e par une <strong data-start=\"589\" data-end=\"612\">broderie \u201cdebana\u201d<\/strong>, un motif raffin\u00e9 et sym\u00e9trique inspir\u00e9 des <strong data-start=\"657\" data-end=\"692\">grilles moucharabieh marocaines<\/strong>, r\u00e9alis\u00e9 selon la m\u00e9thode du <strong data-start=\"722\" data-end=\"733\">maallem<\/strong>.<br data-start=\"734\" data-end=\"737\" \/>Le motif est plac\u00e9 strat\u00e9giquement au niveau du buste et des manches pour un rendu subtil mais travaill\u00e9.<br data-start=\"842\" data-end=\"845\" \/>Cette pi\u00e8ce combine <strong data-start=\"865\" data-end=\"890\">modernit\u00e9 et h\u00e9ritage<\/strong>, parfaite pour les femmes \u00e0 la recherche d\u2019une jellaba sobre, chic et charg\u00e9e de sens artisanal.<\/p>","protected":false},"excerpt":{"rendered":"<p>Jellaba en cr\u00eape haut de gamme, brod\u00e9e \u00e0 la main selon le style debana (inspiration moucharabieh). Design d\u00e9licat et \u00e9pur\u00e9.<\/p>","protected":false},"featured_media":3282,"template":"","meta":{"_uag_custom_page_level_css":"","site-sidebar-layout":"default","site-content-layout":"","ast-site-content-layout":"default","site-content-style":"default","site-sidebar-style":"default","ast-global-header-display":"","ast-banner-title-visibility":"","ast-main-header-display":"","ast-hfb-above-header-display":"","ast-hfb-below-header-display":"","ast-hfb-mobile-header-display":"","site-post-title":"","ast-breadcrumbs-content":"","ast-featured-img":"","footer-sml-layout":"","theme-transparent-header-meta":"default","adv-header-id-meta":"","stick-header-meta":"","header-above-stick-meta":"","header-main-stick-meta":"","header-below-stick-meta":"","astra-migrate-meta-layouts":"set","ast-page-background-enabled":"default","ast-page-background-meta":{"desktop":{"background-color":"var(--ast-global-color-4)","background-image":"","background-repeat":"repeat","background-position":"center center","background-size":"auto","background-attachment":"scroll","background-type":"","background-media":"","overlay-type":"","overlay-color":"","overlay-opacity":"","overlay-gradient":""},"tablet":{"background-color":"","background-image":"","background-repeat":"repeat","background-position":"center center","background-size":"auto","background-attachment":"scroll","background-type":"","background-media":"","overlay-type":"","overlay-color":"","overlay-opacity":"","overlay-gradient":""},"mobile":{"background-color":"","background-image":"","background-repeat":"repeat","background-position":"center center","background-size":"auto","background-attachment":"scroll","background-type":"","background-media":"","overlay-type":"","overlay-color":"","overlay-opacity":"","overlay-gradient":""}},"ast-content-background-meta":{"desktop":{"background-color":"var(--ast-global-color-5)","background-image":"","background-repeat":"repeat","background-position":"center center","background-size":"auto","background-attachment":"scroll","background-type":"","background-media":"","overlay-type":"","overlay-color":"","overlay-opacity":"","overlay-gradient":""},"tablet":{"background-color":"var(--ast-global-color-5)","background-image":"","background-repeat":"repeat","background-position":"center center","background-size":"auto","background-attachment":"scroll","background-type":"","background-media":"","overlay-type":"","overlay-color":"","overlay-opacity":"","overlay-gradient":""},"mobile":{"background-color":"var(--ast-global-color-5)","background-image":"","background-repeat":"repeat","background-position":"center center","background-size":"auto","background-attachment":"scroll","background-type":"","background-media":"","overlay-type":"","overlay-color":"","overlay-opacity":"","overlay-gradient":""}}},"product_brand":[],"product_cat":[27],"product_tag":[29,41,35],"class_list":{"0":"post-3171","1":"product","2":"type-product","3":"status-publish","4":"has-post-thumbnail","6":"product_cat-jellabas","7":"product_tag-fait-main","8":"product_tag-grande-taille","9":"product_tag-tissu-crepe","10":"desktop-align-left","11":"tablet-align-left","12":"mobile-align-left","14":"first","15":"instock","16":"taxable","17":"shipping-taxable","18":"purchasable","19":"product-type-simple"},"aioseo_notices":[],"uagb_featured_image_src":{"full":["https:\/\/coopbysisters.com\/wp-content\/uploads\/2025\/05\/debana-2.png",1024,1536,false],"thumbnail":["https:\/\/coopbysisters.com\/wp-content\/uploads\/2025\/05\/debana-2-150x150.png",150,150,true],"medium":["https:\/\/coopbysisters.com\/wp-content\/uploads\/2025\/05\/debana-2-200x300.png",200,300,true],"medium_large":["https:\/\/coopbysisters.com\/wp-content\/uploads\/2025\/05\/debana-2-768x1152.png",768,1152,true],"large":["https:\/\/coopbysisters.com\/wp-content\/uploads\/2025\/05\/debana-2-683x1024.png",683,1024,true],"1536x1536":["https:\/\/coopbysisters.com\/wp-content\/uploads\/2025\/05\/debana-2.png",1024,1536,false],"2048x2048":["https:\/\/coopbysisters.com\/wp-content\/uploads\/2025\/05\/debana-2.png",1024,1536,false],"trp-custom-language-flag":["https:\/\/coopbysisters.com\/wp-content\/uploads\/2025\/05\/debana-2-8x12.png",8,12,true],"woocommerce_thumbnail":["https:\/\/coopbysisters.com\/wp-content\/uploads\/2025\/05\/debana-2-400x400.png",400,400,true],"woocommerce_single":["https:\/\/coopbysisters.com\/wp-content\/uploads\/2025\/05\/debana-2-800x1200.png",800,1200,true],"woocommerce_gallery_thumbnail":["https:\/\/coopbysisters.com\/wp-content\/uploads\/2025\/05\/debana-2-100x100.png",100,100,true]},"uagb_author_info":{"display_name":"","author_link":"https:\/\/coopbysisters.com\/ar\/author\/"},"uagb_comment_info":0,"uagb_excerpt":"Jellaba en cr\u00eape haut de gamme, brod\u00e9e \u00e0 la main selon le style debana (inspiration moucharabieh). Design d\u00e9licat et \u00e9pur\u00e9.","_links":{"self":[{"href":"https:\/\/coopbysisters.com\/ar\/wp-json\/wp\/v2\/product\/3171","targetHints":{"allow":["GET"]}}],"collection":[{"href":"https:\/\/coopbysisters.com\/ar\/wp-json\/wp\/v2\/product"}],"about":[{"href":"https:\/\/coopbysisters.com\/ar\/wp-json\/wp\/v2\/types\/product"}],"wp:featuredmedia":[{"embeddable":true,"href":"https:\/\/coopbysisters.com\/ar\/wp-json\/wp\/v2\/media\/3282"}],"wp:attachment":[{"href":"https:\/\/coopbysisters.com\/ar\/wp-json\/wp\/v2\/media?parent=3171"}],"wp:term":[{"taxonomy":"product_brand","embeddable":true,"href":"https:\/\/coopbysisters.com\/ar\/wp-json\/wp\/v2\/product_brand?post=3171"},{"taxonomy":"product_cat","embeddable":true,"href":"https:\/\/coopbysisters.com\/ar\/wp-json\/wp\/v2\/product_cat?post=3171"},{"taxonomy":"product_tag","embeddable":true,"href":"https:\/\/coopbysisters.com\/ar\/wp-json\/wp\/v2\/product_tag?post=3171"}],"curies":[{"name":"wp","href":"https:\/\/api.w.org\/{rel}","templated":true}]}}