{"id":3173,"date":"2025-05-09T01:49:34","date_gmt":"2025-05-09T01:49:34","guid":{"rendered":"https:\/\/coopbysisters.com\/product\/%d8%ac%d9%84%d8%a7%d8%a8%d8%a9-%d8%b3%d9%81%d9%8a%d9%81%d8%a9-%d9%88%d8%ac%d9%84%d9%8a%d8%ac%d8%a9-%d9%88%d8%b7%d8%b1%d8%b2\/"},"modified":"2025-05-10T19:46:35","modified_gmt":"2025-05-10T19:46:35","slug":"jellaba-sfifa-jelija-rbati","status":"publish","type":"product","link":"https:\/\/coopbysisters.com\/ar\/product\/jellaba-sfifa-jelija-rbati\/","title":{"rendered":"Jellaba brod\u00e9e avec sfifa, zwaq jelija et tarz rbati \u2013 D\u00e9tails traditionnels soign\u00e9s"},"content":{"rendered":"<p class=\"\" data-start=\"454\" data-end=\"574\">Cette jellaba incarne le savoir-faire traditionnel marocain \u00e0 travers ses <strong data-start=\"528\" data-end=\"572\">trois \u00e9l\u00e9ments de finition embl\u00e9matiques<\/strong> :<\/p>\n<ul data-start=\"575\" data-end=\"831\">\n<li class=\"\" data-start=\"575\" data-end=\"652\">\n<p class=\"\" data-start=\"577\" data-end=\"652\">une <strong data-start=\"581\" data-end=\"608\">sfifa fine et r\u00e9guli\u00e8re<\/strong> cousue \u00e0 la main sur les bords du v\u00eatement,<\/p>\n<\/li>\n<li class=\"\" data-start=\"653\" data-end=\"734\">\n<p class=\"\" data-start=\"655\" data-end=\"734\">des d\u00e9tails en <strong data-start=\"670\" data-end=\"687\">jelija marocain<\/strong> (inspir\u00e9s des motifs g\u00e9om\u00e9triques en zellige),<\/p>\n<\/li>\n<li class=\"\" data-start=\"735\" data-end=\"831\">\n<p class=\"\" data-start=\"737\" data-end=\"831\">et une <strong data-start=\"744\" data-end=\"767\">broderie tarz rbati<\/strong> d\u00e9licatement appliqu\u00e9e au niveau de la poitrine et des manches.<\/p>\n<\/li>\n<\/ul>\n<p class=\"\" data-start=\"833\" data-end=\"990\">Elle est con\u00e7ue pour celles qui recherchent une <strong data-start=\"881\" data-end=\"899\">\u00e9l\u00e9gance sobre<\/strong>, enrichie de <strong data-start=\"913\" data-end=\"941\">symboles culturels forts<\/strong>, le tout dans une coupe confortable et raffin\u00e9e.<\/p>","protected":false},"excerpt":{"rendered":"<p>Jellaba richement d\u00e9cor\u00e9e de sfifa, zwaq jelija marocain, et broderie tarz rbati. Une tenue sobre mais soign\u00e9e pour les grandes occasions.<\/p>","protected":false},"featured_media":3286,"template":"","meta":{"_uag_custom_page_level_css":"","site-sidebar-layout":"default","site-content-layout":"","ast-site-content-layout":"default","site-content-style":"default","site-sidebar-style":"default","ast-global-header-display":"","ast-banner-title-visibility":"","ast-main-header-display":"","ast-hfb-above-header-display":"","ast-hfb-below-header-display":"","ast-hfb-mobile-header-display":"","site-post-title":"","ast-breadcrumbs-content":"","ast-featured-img":"","footer-sml-layout":"","theme-transparent-header-meta":"default","adv-header-id-meta":"","stick-header-meta":"","header-above-stick-meta":"","header-main-stick-meta":"","header-below-stick-meta":"","astra-migrate-meta-layouts":"set","ast-page-background-enabled":"default","ast-page-background-meta":{"desktop":{"background-color":"var(--ast-global-color-4)","background-image":"","background-repeat":"repeat","background-position":"center center","background-size":"auto","background-attachment":"scroll","background-type":"","background-media":"","overlay-type":"","overlay-color":"","overlay-opacity":"","overlay-gradient":""},"tablet":{"background-color":"","background-image":"","background-repeat":"repeat","background-position":"center center","background-size":"auto","background-attachment":"scroll","background-type":"","background-media":"","overlay-type":"","overlay-color":"","overlay-opacity":"","overlay-gradient":""},"mobile":{"background-color":"","background-image":"","background-repeat":"repeat","background-position":"center center","background-size":"auto","background-attachment":"scroll","background-type":"","background-media":"","overlay-type":"","overlay-color":"","overlay-opacity":"","overlay-gradient":""}},"ast-content-background-meta":{"desktop":{"background-color":"var(--ast-global-color-5)","background-image":"","background-repeat":"repeat","background-position":"center center","background-size":"auto","background-attachment":"scroll","background-type":"","background-media":"","overlay-type":"","overlay-color":"","overlay-opacity":"","overlay-gradient":""},"tablet":{"background-color":"var(--ast-global-color-5)","background-image":"","background-repeat":"repeat","background-position":"center center","background-size":"auto","background-attachment":"scroll","background-type":"","background-media":"","overlay-type":"","overlay-color":"","overlay-opacity":"","overlay-gradient":""},"mobile":{"background-color":"var(--ast-global-color-5)","background-image":"","background-repeat":"repeat","background-position":"center center","background-size":"auto","background-attachment":"scroll","background-type":"","background-media":"","overlay-type":"","overlay-color":"","overlay-opacity":"","overlay-gradient":""}}},"product_brand":[],"product_cat":[27],"product_tag":[46,40,35],"class_list":{"0":"post-3173","1":"product","2":"type-product","3":"status-publish","4":"has-post-thumbnail","6":"product_cat-jellabas","7":"product_tag-sfifa","8":"product_tag-tarz-rbati","9":"product_tag-tissu-crepe","10":"desktop-align-left","11":"tablet-align-left","12":"mobile-align-left","14":"first","15":"instock","16":"taxable","17":"shipping-taxable","18":"purchasable","19":"product-type-simple"},"aioseo_notices":[],"uagb_featured_image_src":{"full":["https:\/\/coopbysisters.com\/wp-content\/uploads\/2025\/05\/Jelija-2.png",1024,1536,false],"thumbnail":["https:\/\/coopbysisters.com\/wp-content\/uploads\/2025\/05\/Jelija-2-150x150.png",150,150,true],"medium":["https:\/\/coopbysisters.com\/wp-content\/uploads\/2025\/05\/Jelija-2-200x300.png",200,300,true],"medium_large":["https:\/\/coopbysisters.com\/wp-content\/uploads\/2025\/05\/Jelija-2-768x1152.png",768,1152,true],"large":["https:\/\/coopbysisters.com\/wp-content\/uploads\/2025\/05\/Jelija-2-683x1024.png",683,1024,true],"1536x1536":["https:\/\/coopbysisters.com\/wp-content\/uploads\/2025\/05\/Jelija-2.png",1024,1536,false],"2048x2048":["https:\/\/coopbysisters.com\/wp-content\/uploads\/2025\/05\/Jelija-2.png",1024,1536,false],"trp-custom-language-flag":["https:\/\/coopbysisters.com\/wp-content\/uploads\/2025\/05\/Jelija-2-8x12.png",8,12,true],"woocommerce_thumbnail":["https:\/\/coopbysisters.com\/wp-content\/uploads\/2025\/05\/Jelija-2-400x400.png",400,400,true],"woocommerce_single":["https:\/\/coopbysisters.com\/wp-content\/uploads\/2025\/05\/Jelija-2-800x1200.png",800,1200,true],"woocommerce_gallery_thumbnail":["https:\/\/coopbysisters.com\/wp-content\/uploads\/2025\/05\/Jelija-2-100x100.png",100,100,true]},"uagb_author_info":{"display_name":"","author_link":"https:\/\/coopbysisters.com\/ar\/author\/"},"uagb_comment_info":0,"uagb_excerpt":"Jellaba richement d\u00e9cor\u00e9e de sfifa, zwaq jelija marocain, et broderie tarz rbati. Une tenue sobre mais soign\u00e9e pour les grandes occasions.","_links":{"self":[{"href":"https:\/\/coopbysisters.com\/ar\/wp-json\/wp\/v2\/product\/3173","targetHints":{"allow":["GET"]}}],"collection":[{"href":"https:\/\/coopbysisters.com\/ar\/wp-json\/wp\/v2\/product"}],"about":[{"href":"https:\/\/coopbysisters.com\/ar\/wp-json\/wp\/v2\/types\/product"}],"wp:featuredmedia":[{"embeddable":true,"href":"https:\/\/coopbysisters.com\/ar\/wp-json\/wp\/v2\/media\/3286"}],"wp:attachment":[{"href":"https:\/\/coopbysisters.com\/ar\/wp-json\/wp\/v2\/media?parent=3173"}],"wp:term":[{"taxonomy":"product_brand","embeddable":true,"href":"https:\/\/coopbysisters.com\/ar\/wp-json\/wp\/v2\/product_brand?post=3173"},{"taxonomy":"product_cat","embeddable":true,"href":"https:\/\/coopbysisters.com\/ar\/wp-json\/wp\/v2\/product_cat?post=3173"},{"taxonomy":"product_tag","embeddable":true,"href":"https:\/\/coopbysisters.com\/ar\/wp-json\/wp\/v2\/product_tag?post=3173"}],"curies":[{"name":"wp","href":"https:\/\/api.w.org\/{rel}","templated":true}]}}