{"id":3175,"date":"2025-05-09T01:49:34","date_gmt":"2025-05-09T01:49:34","guid":{"rendered":"https:\/\/coopbysisters.com\/product\/%d8%ac%d9%84%d8%a7%d8%a8%d8%a9-%d9%85%d9%84%d9%8a%d9%81%d8%a9-%d8%ae%d8%af%d9%85%d8%a9-%d8%a7%d9%84%d9%85%d8%b9%d9%84%d9%85-%d8%aa%d8%b9%d8%b5%d8%a7%d8%a8\/"},"modified":"2025-05-10T19:55:17","modified_gmt":"2025-05-10T19:55:17","slug":"jellaba-mlifa-traditionnel-taasab","status":"publish","type":"product","link":"https:\/\/coopbysisters.com\/ar\/product\/jellaba-mlifa-traditionnel-taasab\/","title":{"rendered":"Jellaba en mlifa brod\u00e9e \u00e0 la main \u2013 Style traditionnel \u201ctaasab\u201d"},"content":{"rendered":"<p>Cette jellaba artisanale est confectionn\u00e9e en tissu <strong data-start=\"304\" data-end=\"313\">mlifa<\/strong> \u00e9pais et chaleureux, pris\u00e9 pour sa tenue et son \u00e9l\u00e9gance.<br data-start=\"371\" data-end=\"374\" \/>Elle est minutieusement <strong data-start=\"398\" data-end=\"418\">brod\u00e9e \u00e0 la main<\/strong> selon la m\u00e9thode traditionnelle du <strong data-start=\"454\" data-end=\"465\">maallem<\/strong>, avec des motifs inspir\u00e9s du style <strong data-start=\"501\" data-end=\"513\">\u201ctaasab\u201d<\/strong>, typique de l\u2019art marocain.<br data-start=\"541\" data-end=\"544\" \/>Le r\u00e9sultat est une pi\u00e8ce unique, raffin\u00e9e, id\u00e9ale pour les saisons fra\u00eeches et les occasions sp\u00e9ciales.<br data-start=\"648\" data-end=\"651\" \/>Elle offre un parfait \u00e9quilibre entre authenticit\u00e9 et sophistication, dans le respect du savoir-faire ancestral.<\/p>","protected":false},"excerpt":{"rendered":"<p>Cette jellaba artisanale est confectionn\u00e9e en tissu <strong data-start=\"304\" data-end=\"313\">mlifa<\/strong> \u00e9pais et chaleureux, pris\u00e9 pour sa tenue et son \u00e9l\u00e9gance.<br data-start=\"371\" data-end=\"374\" \/>Elle est minutieusement <strong data-start=\"398\" data-end=\"418\">brod\u00e9e \u00e0 la main<\/strong> selon la m\u00e9thode traditionnelle du <strong data-start=\"454\" data-end=\"465\">maallem<\/strong>, avec des motifs inspir\u00e9s du style <strong data-start=\"501\" data-end=\"513\">\u201ctaasab\u201d<\/strong>, typique de l\u2019art marocain.<\/p>","protected":false},"featured_media":3288,"template":"","meta":{"_uag_custom_page_level_css":"","site-sidebar-layout":"default","site-content-layout":"","ast-site-content-layout":"default","site-content-style":"default","site-sidebar-style":"default","ast-global-header-display":"","ast-banner-title-visibility":"","ast-main-header-display":"","ast-hfb-above-header-display":"","ast-hfb-below-header-display":"","ast-hfb-mobile-header-display":"","site-post-title":"","ast-breadcrumbs-content":"","ast-featured-img":"","footer-sml-layout":"","theme-transparent-header-meta":"default","adv-header-id-meta":"","stick-header-meta":"","header-above-stick-meta":"","header-main-stick-meta":"","header-below-stick-meta":"","astra-migrate-meta-layouts":"set","ast-page-background-enabled":"default","ast-page-background-meta":{"desktop":{"background-color":"var(--ast-global-color-4)","background-image":"","background-repeat":"repeat","background-position":"center center","background-size":"auto","background-attachment":"scroll","background-type":"","background-media":"","overlay-type":"","overlay-color":"","overlay-opacity":"","overlay-gradient":""},"tablet":{"background-color":"","background-image":"","background-repeat":"repeat","background-position":"center center","background-size":"auto","background-attachment":"scroll","background-type":"","background-media":"","overlay-type":"","overlay-color":"","overlay-opacity":"","overlay-gradient":""},"mobile":{"background-color":"","background-image":"","background-repeat":"repeat","background-position":"center center","background-size":"auto","background-attachment":"scroll","background-type":"","background-media":"","overlay-type":"","overlay-color":"","overlay-opacity":"","overlay-gradient":""}},"ast-content-background-meta":{"desktop":{"background-color":"var(--ast-global-color-5)","background-image":"","background-repeat":"repeat","background-position":"center center","background-size":"auto","background-attachment":"scroll","background-type":"","background-media":"","overlay-type":"","overlay-color":"","overlay-opacity":"","overlay-gradient":""},"tablet":{"background-color":"var(--ast-global-color-5)","background-image":"","background-repeat":"repeat","background-position":"center center","background-size":"auto","background-attachment":"scroll","background-type":"","background-media":"","overlay-type":"","overlay-color":"","overlay-opacity":"","overlay-gradient":""},"mobile":{"background-color":"var(--ast-global-color-5)","background-image":"","background-repeat":"repeat","background-position":"center center","background-size":"auto","background-attachment":"scroll","background-type":"","background-media":"","overlay-type":"","overlay-color":"","overlay-opacity":"","overlay-gradient":""}}},"product_brand":[],"product_cat":[27],"product_tag":[29,41,47],"class_list":{"0":"post-3175","1":"product","2":"type-product","3":"status-publish","4":"has-post-thumbnail","6":"product_cat-jellabas","7":"product_tag-fait-main","8":"product_tag-grande-taille","9":"product_tag-tissu-mlifa","10":"desktop-align-left","11":"tablet-align-left","12":"mobile-align-left","14":"first","15":"instock","16":"taxable","17":"shipping-taxable","18":"purchasable","19":"product-type-simple"},"aioseo_notices":[],"uagb_featured_image_src":{"full":["https:\/\/coopbysisters.com\/wp-content\/uploads\/2025\/05\/last-1.png",1024,1536,false],"thumbnail":["https:\/\/coopbysisters.com\/wp-content\/uploads\/2025\/05\/last-1-150x150.png",150,150,true],"medium":["https:\/\/coopbysisters.com\/wp-content\/uploads\/2025\/05\/last-1-200x300.png",200,300,true],"medium_large":["https:\/\/coopbysisters.com\/wp-content\/uploads\/2025\/05\/last-1-768x1152.png",768,1152,true],"large":["https:\/\/coopbysisters.com\/wp-content\/uploads\/2025\/05\/last-1-683x1024.png",683,1024,true],"1536x1536":["https:\/\/coopbysisters.com\/wp-content\/uploads\/2025\/05\/last-1.png",1024,1536,false],"2048x2048":["https:\/\/coopbysisters.com\/wp-content\/uploads\/2025\/05\/last-1.png",1024,1536,false],"trp-custom-language-flag":["https:\/\/coopbysisters.com\/wp-content\/uploads\/2025\/05\/last-1-8x12.png",8,12,true],"woocommerce_thumbnail":["https:\/\/coopbysisters.com\/wp-content\/uploads\/2025\/05\/last-1-400x400.png",400,400,true],"woocommerce_single":["https:\/\/coopbysisters.com\/wp-content\/uploads\/2025\/05\/last-1-800x1200.png",800,1200,true],"woocommerce_gallery_thumbnail":["https:\/\/coopbysisters.com\/wp-content\/uploads\/2025\/05\/last-1-100x100.png",100,100,true]},"uagb_author_info":{"display_name":"","author_link":"https:\/\/coopbysisters.com\/ar\/author\/"},"uagb_comment_info":0,"uagb_excerpt":"Cette jellaba artisanale est confectionn\u00e9e en tissu mlifa \u00e9pais et chaleureux, pris\u00e9 pour sa tenue et son \u00e9l\u00e9gance.Elle est minutieusement brod\u00e9e \u00e0 la main selon la m\u00e9thode traditionnelle du maallem, avec des motifs inspir\u00e9s du style \u201ctaasab\u201d, typique de l\u2019art marocain.","_links":{"self":[{"href":"https:\/\/coopbysisters.com\/ar\/wp-json\/wp\/v2\/product\/3175","targetHints":{"allow":["GET"]}}],"collection":[{"href":"https:\/\/coopbysisters.com\/ar\/wp-json\/wp\/v2\/product"}],"about":[{"href":"https:\/\/coopbysisters.com\/ar\/wp-json\/wp\/v2\/types\/product"}],"wp:featuredmedia":[{"embeddable":true,"href":"https:\/\/coopbysisters.com\/ar\/wp-json\/wp\/v2\/media\/3288"}],"wp:attachment":[{"href":"https:\/\/coopbysisters.com\/ar\/wp-json\/wp\/v2\/media?parent=3175"}],"wp:term":[{"taxonomy":"product_brand","embeddable":true,"href":"https:\/\/coopbysisters.com\/ar\/wp-json\/wp\/v2\/product_brand?post=3175"},{"taxonomy":"product_cat","embeddable":true,"href":"https:\/\/coopbysisters.com\/ar\/wp-json\/wp\/v2\/product_cat?post=3175"},{"taxonomy":"product_tag","embeddable":true,"href":"https:\/\/coopbysisters.com\/ar\/wp-json\/wp\/v2\/product_tag?post=3175"}],"curies":[{"name":"wp","href":"https:\/\/api.w.org\/{rel}","templated":true}]}}